{"id":72010,"date":"2025-05-05T10:33:53","date_gmt":"2025-05-05T08:33:53","guid":{"rendered":"https:\/\/mixmediastore.com\/?post_type=product&#038;p=72010"},"modified":"2025-11-04T18:53:57","modified_gmt":"2025-11-04T17:53:57","slug":"die-harzer-schmalpsurbahnen-2026","status":"publish","type":"product","link":"https:\/\/mixmediastore.com\/nl\/shop-2\/formaat-50-x-45-cm\/die-harzer-schmalpsurbahnen-2026\/","title":{"rendered":"Die Harzer Schmalpsurbahnen 2026"},"content":{"rendered":"<p class=\"h2 text-normal padding-top-2x\"><strong>Die Harzer Schmalpsurbahnen 2026<\/strong><\/p>\n<p class=\"h4 text-normal\">Der Original-Kalender<\/p>\n<p class=\"Normal tm5 tm6\">Die bis heute \u00fcberwiegend mit Dampf betriebenen Schmalspurbahnen zwischen Wernigerode, Nordhausen und Quedlinburg schl\u00e4ngeln sich seit mehr als 125 Jahren durch dichte W\u00e4lder, entlang rauschender B\u00e4che und \u00fcber weite Felder. Sie f\u00fchren durch fachwerkges\u00e4umte Stra\u00dfen und nat\u00fcrlich auf den Brocken, den h\u00f6chsten Berg Norddeutschlands.<\/p>\n<p class=\"Normal tm5 tm6\">Diese Vielfalt &#8211; mit farbenfroh bl\u00fchenden Fr\u00fchlingsmotiven und leuchtenden Herbststimmungen, mit gr\u00fcnen Wiesen oder tief verschneiten H\u00e4ngen am Brocken &#8211; wurde von bekannten Eisenbahnfotografen in pr\u00e4chtigen Bildern eingefangen. Dazu z\u00e4hlen auch aufwendige Nacht- und Drohnenaufnahmen.<\/p>\n<p class=\"Normal tm5 tm6\">Der offizielle gro\u00dfformatige Kalender der Harzer Schmalspurbahnen (HSB) vereint nostalgischen Eisenbahnbetrieb mit Dampfloks und historischen Dieseltriebwagen und herrliche Landschaftsaufnahmen zu einem stilvollen Wandschmuck. Eine perfekte Begleitung durchs ganze Jahr, nicht nur f\u00fcr Dampflokfans!<\/p>\n<p>12 farbig bedruckte Monatsbl\u00e4tter plus Titelblatt und Legendenblatt, hochwertiges Bilderdruckpapier, Verst\u00e4rkungskarton, Wire-O-Bindung mit Aufh\u00e4nger, Format 50,0 x 45,0 cm<\/p>\n<p class=\"shp_fliesstext\">Erscheinungstermin:\u00a008.05.2025<\/p>\n<p><strong>Reichsbahn-Dampf 2026<\/strong><\/p>\n","protected":false},"excerpt":{"rendered":"<p class=\"ai-optimize-24\">Die bis heute \u00fcberwiegend mit Dampf betriebenen Schmalspurbahnen zwischen Wernigerode, Nordhausen und Quedlinburg schl\u00e4ngeln sich seit mehr als 125 Jahren durch dichte W\u00e4lder, entlang rauschender B\u00e4che und \u00fcber weite Felder. Sie f\u00fchren durch fachwerkges\u00e4umte Stra\u00dfen und nat\u00fcrlich auf den Brocken, den h\u00f6chsten Berg Norddeutschlands.<\/p>\n","protected":false},"featured_media":72016,"comment_status":"closed","ping_status":"closed","template":"","meta":{"site-sidebar-layout":"default","site-content-layout":"default","ast-site-content-layout":"default","site-content-style":"default","site-sidebar-style":"default","ast-global-header-display":"","ast-banner-title-visibility":"","ast-main-header-display":"","ast-hfb-above-header-display":"","ast-hfb-below-header-display":"","ast-hfb-mobile-header-display":"","site-post-title":"","ast-breadcrumbs-content":"","ast-featured-img":"","footer-sml-layout":"","ast-disable-related-posts":"","theme-transparent-header-meta":"default","adv-header-id-meta":"","stick-header-meta":"default","header-above-stick-meta":"","header-main-stick-meta":"","header-below-stick-meta":"","astra-migrate-meta-layouts":"set","ast-page-background-enabled":"default","ast-page-background-meta":{"desktop":{"background-color":"var(--ast-global-color-5)","background-image":"","background-repeat":"repeat","background-position":"center center","background-size":"auto","background-attachment":"scroll","background-type":"","background-media":"","overlay-type":"","overlay-color":"","overlay-opacity":"","overlay-gradient":""},"tablet":{"background-color":"","background-image":"","background-repeat":"repeat","background-position":"center center","background-size":"auto","background-attachment":"scroll","background-type":"","background-media":"","overlay-type":"","overlay-color":"","overlay-opacity":"","overlay-gradient":""},"mobile":{"background-color":"","background-image":"","background-repeat":"repeat","background-position":"center center","background-size":"auto","background-attachment":"scroll","background-type":"","background-media":"","overlay-type":"","overlay-color":"","overlay-opacity":"","overlay-gradient":""}},"ast-content-background-meta":{"desktop":{"background-color":"var(--ast-global-color-4)","background-image":"","background-repeat":"repeat","background-position":"center center","background-size":"auto","background-attachment":"scroll","background-type":"","background-media":"","overlay-type":"","overlay-color":"","overlay-opacity":"","overlay-gradient":""},"tablet":{"background-color":"var(--ast-global-color-4)","background-image":"","background-repeat":"repeat","background-position":"center center","background-size":"auto","background-attachment":"scroll","background-type":"","background-media":"","overlay-type":"","overlay-color":"","overlay-opacity":"","overlay-gradient":""},"mobile":{"background-color":"var(--ast-global-color-4)","background-image":"","background-repeat":"repeat","background-position":"center center","background-size":"auto","background-attachment":"scroll","background-type":"","background-media":"","overlay-type":"","overlay-color":"","overlay-opacity":"","overlay-gradient":""}}},"product_brand":[16674],"product_cat":[16668,16528],"product_tag":[16633,2349],"class_list":{"0":"post-72010","1":"product","2":"type-product","3":"status-publish","4":"has-post-thumbnail","6":"product_brand-nord-sud-express","7":"product_cat-formaat-50-x-45-cm","8":"product_cat-nord-sud-express-kalenders","9":"product_tag-dampfloks","10":"product_tag-kalender","11":"product_shipping_class-kalenders-groot","12":"pa_bindwijze-ringband","13":"pa_product-kalender","14":"pa_series-nord-sud-express-kalender","15":"pa_taal-duits","16":"pa_uitgever-producent-nord-sud-express","17":"desktop-align-left","18":"tablet-align-left","19":"mobile-align-left","20":"ast-product-gallery-layout-horizontal-slider","21":"ast-magnify-disabled","22":"ast-product-tabs-layout-horizontal","24":"first","25":"outofstock","26":"taxable","27":"shipping-taxable","28":"purchasable","29":"product-type-simple"},"yoast_head":"<!-- This site is optimized with the Yoast SEO Premium plugin v26.2 (Yoast SEO v27.2) - https:\/\/yoast.com\/product\/yoast-seo-premium-wordpress\/ -->\n<title>Die Harzer Schmalpsurbahnen 2026: Dampf en Historie in Beeld<\/title>\n<meta name=\"description\" content=\"Verlies jezelf in de magie van de Harzer Schmalpsurbahnen 2026 met uitmuntende foto&#039;s van historische treinen in de natuur. Koop vandaag nog!\" \/>\n<meta name=\"robots\" content=\"index, follow, max-snippet:-1, max-image-preview:large, max-video-preview:-1\" \/>\n<link rel=\"canonical\" href=\"https:\/\/mixmediastore.com\/nl\/shop-2\/formaat-50-x-45-cm\/die-harzer-schmalpsurbahnen-2026\/\" \/>\n<meta property=\"og:locale\" content=\"nl_NL\" \/>\n<meta property=\"og:type\" content=\"article\" \/>\n<meta property=\"og:title\" content=\"Die Harzer Schmalpsurbahnen 2026\" \/>\n<meta property=\"og:description\" content=\"Verlies jezelf in de magie van de Harzer Schmalpsurbahnen 2026 met uitmuntende foto&#039;s van historische treinen in de natuur. Koop vandaag nog!\" \/>\n<meta property=\"og:url\" content=\"https:\/\/mixmediastore.com\/nl\/shop-2\/formaat-50-x-45-cm\/die-harzer-schmalpsurbahnen-2026\/\" \/>\n<meta property=\"og:site_name\" content=\"Mixmediastore Your Trainstore\" \/>\n<meta property=\"article:publisher\" content=\"https:\/\/www.facebook.com\/mixmediastore\/\" \/>\n<meta property=\"article:modified_time\" content=\"2025-11-04T17:53:57+00:00\" \/>\n<meta property=\"og:image\" content=\"https:\/\/mixmediastore.com\/wp-content\/uploads\/Kalender_HSB2026_Titel__xl-1.png\" \/>\n\t<meta property=\"og:image:width\" content=\"800\" \/>\n\t<meta property=\"og:image:height\" content=\"800\" \/>\n\t<meta property=\"og:image:type\" content=\"image\/png\" \/>\n<meta name=\"twitter:card\" content=\"summary_large_image\" \/>\n<meta name=\"twitter:label1\" content=\"Prijs\" \/>\n\t<meta name=\"twitter:data1\" content=\"&euro;&nbsp;22,95\" \/>\n\t<meta name=\"twitter:label2\" content=\"Beschikbaarheid\" \/>\n\t<meta name=\"twitter:data2\" content=\"Uitverkocht\" \/>\n<script type=\"application\/ld+json\" class=\"yoast-schema-graph\">{\"@context\":\"https:\/\/schema.org\",\"@graph\":[{\"@type\":\"WebPage\",\"@id\":\"https:\/\/mixmediastore.com\/nl\/shop-2\/formaat-50-x-45-cm\/die-harzer-schmalpsurbahnen-2026\/\",\"url\":\"https:\/\/mixmediastore.com\/nl\/shop-2\/formaat-50-x-45-cm\/die-harzer-schmalpsurbahnen-2026\/\",\"name\":\"Die Harzer Schmalpsurbahnen 2026: Dampf en Historie in Beeld\",\"isPartOf\":{\"@id\":\"https:\/\/mixmediastore.com\/nl\/#website\"},\"primaryImageOfPage\":{\"@id\":\"https:\/\/mixmediastore.com\/nl\/shop-2\/formaat-50-x-45-cm\/die-harzer-schmalpsurbahnen-2026\/#primaryimage\"},\"image\":{\"@id\":\"https:\/\/mixmediastore.com\/nl\/shop-2\/formaat-50-x-45-cm\/die-harzer-schmalpsurbahnen-2026\/#primaryimage\"},\"thumbnailUrl\":\"https:\/\/mixmediastore.com\/wp-content\/uploads\/Kalender_HSB2026_Titel__xl-1.png\",\"datePublished\":\"2025-05-05T08:33:53+00:00\",\"dateModified\":\"2025-11-04T17:53:57+00:00\",\"description\":\"Verlies jezelf in de magie van de Harzer Schmalpsurbahnen 2026 met uitmuntende foto's van historische treinen in de natuur. Koop vandaag nog!\",\"breadcrumb\":{\"@id\":\"https:\/\/mixmediastore.com\/nl\/shop-2\/formaat-50-x-45-cm\/die-harzer-schmalpsurbahnen-2026\/#breadcrumb\"},\"inLanguage\":\"nl-NL\",\"potentialAction\":[{\"@type\":\"ReadAction\",\"target\":[\"https:\/\/mixmediastore.com\/nl\/shop-2\/formaat-50-x-45-cm\/die-harzer-schmalpsurbahnen-2026\/\"]}]},{\"@type\":\"ImageObject\",\"inLanguage\":\"nl-NL\",\"@id\":\"https:\/\/mixmediastore.com\/nl\/shop-2\/formaat-50-x-45-cm\/die-harzer-schmalpsurbahnen-2026\/#primaryimage\",\"url\":\"https:\/\/mixmediastore.com\/wp-content\/uploads\/Kalender_HSB2026_Titel__xl-1.png\",\"contentUrl\":\"https:\/\/mixmediastore.com\/wp-content\/uploads\/Kalender_HSB2026_Titel__xl-1.png\",\"width\":800,\"height\":800,\"caption\":\"Die Harzer Schmalpsurbahnen 2026\"},{\"@type\":\"BreadcrumbList\",\"@id\":\"https:\/\/mixmediastore.com\/nl\/shop-2\/formaat-50-x-45-cm\/die-harzer-schmalpsurbahnen-2026\/#breadcrumb\",\"itemListElement\":[{\"@type\":\"ListItem\",\"position\":1,\"name\":\"Trainstore\",\"item\":\"https:\/\/mixmediastore.com\/nl\/\"},{\"@type\":\"ListItem\",\"position\":2,\"name\":\"Shop\",\"item\":\"https:\/\/mixmediastore.com\/nl\/shop-2\/\"},{\"@type\":\"ListItem\",\"position\":3,\"name\":\"Formaat 50 x 45 cm\",\"item\":\"https:\/\/mixmediastore.com\/nl\/product-category\/formaat-50-x-45-cm\/\"},{\"@type\":\"ListItem\",\"position\":4,\"name\":\"Die Harzer Schmalpsurbahnen 2026\"}]},{\"@type\":\"WebSite\",\"@id\":\"https:\/\/mixmediastore.com\/nl\/#website\",\"url\":\"https:\/\/mixmediastore.com\/nl\/\",\"name\":\"Mixmediastore Your Trainstore\",\"description\":\"\",\"publisher\":{\"@id\":\"https:\/\/mixmediastore.com\/nl\/#organization\"},\"alternateName\":\"Your Trainstore\",\"potentialAction\":[{\"@type\":\"SearchAction\",\"target\":{\"@type\":\"EntryPoint\",\"urlTemplate\":\"https:\/\/mixmediastore.com\/nl\/?s={search_term_string}\"},\"query-input\":{\"@type\":\"PropertyValueSpecification\",\"valueRequired\":true,\"valueName\":\"search_term_string\"}}],\"inLanguage\":\"nl-NL\"},{\"@type\":\"Organization\",\"@id\":\"https:\/\/mixmediastore.com\/nl\/#organization\",\"name\":\"Mixmediastore Your Trainstore\",\"alternateName\":\"Your Trainstore\",\"url\":\"https:\/\/mixmediastore.com\/nl\/\",\"logo\":{\"@type\":\"ImageObject\",\"inLanguage\":\"nl-NL\",\"@id\":\"https:\/\/mixmediastore.com\/nl\/#\/schema\/logo\/image\/\",\"url\":\"https:\/\/mixmediastore.com\/wp-content\/uploads\/logo-your-trainstore300x300_72px-1.jpg\",\"contentUrl\":\"https:\/\/mixmediastore.com\/wp-content\/uploads\/logo-your-trainstore300x300_72px-1.jpg\",\"width\":300,\"height\":300,\"caption\":\"Mixmediastore Your Trainstore\"},\"image\":{\"@id\":\"https:\/\/mixmediastore.com\/nl\/#\/schema\/logo\/image\/\"},\"sameAs\":[\"https:\/\/www.facebook.com\/mixmediastore\/\",\"https:\/\/www.instagram.com\/beeldproducties.nl\/\",\"https:\/\/www.youtube.com\/user\/yourtrainstore\"],\"description\":\"In our webshop you will find the largest collection of books, magazines, DVDs\/Blu-rays and calendars about railways, trains, trams and buses. Railways also in model are our specialty. With us you will find subjects from the Netherlands and abroad.\",\"email\":\"info@mixmediastore.com\",\"telephone\":\"0031 (0) 71 5818181\",\"legalName\":\"van den Burg beeldproducties\",\"foundingDate\":\"1995-03-13\",\"vatID\":\"NL003273486B24\",\"numberOfEmployees\":{\"@type\":\"QuantitativeValue\",\"minValue\":\"1\",\"maxValue\":\"10\"}}]}<\/script>\n<meta property=\"product:brand\" content=\"simple\" \/>\n<meta property=\"product:price:amount\" content=\"22.95\" \/>\n<meta property=\"product:price:currency\" content=\"EUR\" \/>\n<meta property=\"og:availability\" content=\"out of stock\" \/>\n<meta property=\"product:availability\" content=\"out of stock\" \/>\n<meta property=\"product:retailer_item_id\" content=\"NSE207005\" \/>\n<meta property=\"product:condition\" content=\"new\" \/>\n<!-- \/ Yoast SEO Premium plugin. -->","yoast_head_json":{"title":"Die Harzer Schmalpsurbahnen 2026: Dampf en Historie in Beeld","description":"Verlies jezelf in de magie van de Harzer Schmalpsurbahnen 2026 met uitmuntende foto's van historische treinen in de natuur. Koop vandaag nog!","robots":{"index":"index","follow":"follow","max-snippet":"max-snippet:-1","max-image-preview":"max-image-preview:large","max-video-preview":"max-video-preview:-1"},"canonical":"https:\/\/mixmediastore.com\/nl\/shop-2\/formaat-50-x-45-cm\/die-harzer-schmalpsurbahnen-2026\/","og_locale":"nl_NL","og_type":"article","og_title":"Die Harzer Schmalpsurbahnen 2026","og_description":"Verlies jezelf in de magie van de Harzer Schmalpsurbahnen 2026 met uitmuntende foto's van historische treinen in de natuur. Koop vandaag nog!","og_url":"https:\/\/mixmediastore.com\/nl\/shop-2\/formaat-50-x-45-cm\/die-harzer-schmalpsurbahnen-2026\/","og_site_name":"Mixmediastore Your Trainstore","article_publisher":"https:\/\/www.facebook.com\/mixmediastore\/","article_modified_time":"2025-11-04T17:53:57+00:00","og_image":[{"url":"https:\/\/mixmediastore.com\/wp-content\/uploads\/Kalender_HSB2026_Titel__xl-1.png","width":800,"height":800,"type":"image\/png"}],"twitter_card":"summary_large_image","twitter_misc":{"Prijs":"&euro;&nbsp;22,95","Beschikbaarheid":"Uitverkocht"},"schema":{"@context":"https:\/\/schema.org","@graph":[{"@type":"WebPage","@id":"https:\/\/mixmediastore.com\/nl\/shop-2\/formaat-50-x-45-cm\/die-harzer-schmalpsurbahnen-2026\/","url":"https:\/\/mixmediastore.com\/nl\/shop-2\/formaat-50-x-45-cm\/die-harzer-schmalpsurbahnen-2026\/","name":"Die Harzer Schmalpsurbahnen 2026: Dampf en Historie in Beeld","isPartOf":{"@id":"https:\/\/mixmediastore.com\/nl\/#website"},"primaryImageOfPage":{"@id":"https:\/\/mixmediastore.com\/nl\/shop-2\/formaat-50-x-45-cm\/die-harzer-schmalpsurbahnen-2026\/#primaryimage"},"image":{"@id":"https:\/\/mixmediastore.com\/nl\/shop-2\/formaat-50-x-45-cm\/die-harzer-schmalpsurbahnen-2026\/#primaryimage"},"thumbnailUrl":"https:\/\/mixmediastore.com\/wp-content\/uploads\/Kalender_HSB2026_Titel__xl-1.png","datePublished":"2025-05-05T08:33:53+00:00","dateModified":"2025-11-04T17:53:57+00:00","description":"Verlies jezelf in de magie van de Harzer Schmalpsurbahnen 2026 met uitmuntende foto's van historische treinen in de natuur. Koop vandaag nog!","breadcrumb":{"@id":"https:\/\/mixmediastore.com\/nl\/shop-2\/formaat-50-x-45-cm\/die-harzer-schmalpsurbahnen-2026\/#breadcrumb"},"inLanguage":"nl-NL","potentialAction":[{"@type":"ReadAction","target":["https:\/\/mixmediastore.com\/nl\/shop-2\/formaat-50-x-45-cm\/die-harzer-schmalpsurbahnen-2026\/"]}]},{"@type":"ImageObject","inLanguage":"nl-NL","@id":"https:\/\/mixmediastore.com\/nl\/shop-2\/formaat-50-x-45-cm\/die-harzer-schmalpsurbahnen-2026\/#primaryimage","url":"https:\/\/mixmediastore.com\/wp-content\/uploads\/Kalender_HSB2026_Titel__xl-1.png","contentUrl":"https:\/\/mixmediastore.com\/wp-content\/uploads\/Kalender_HSB2026_Titel__xl-1.png","width":800,"height":800,"caption":"Die Harzer Schmalpsurbahnen 2026"},{"@type":"BreadcrumbList","@id":"https:\/\/mixmediastore.com\/nl\/shop-2\/formaat-50-x-45-cm\/die-harzer-schmalpsurbahnen-2026\/#breadcrumb","itemListElement":[{"@type":"ListItem","position":1,"name":"Trainstore","item":"https:\/\/mixmediastore.com\/nl\/"},{"@type":"ListItem","position":2,"name":"Shop","item":"https:\/\/mixmediastore.com\/nl\/shop-2\/"},{"@type":"ListItem","position":3,"name":"Formaat 50 x 45 cm","item":"https:\/\/mixmediastore.com\/nl\/product-category\/formaat-50-x-45-cm\/"},{"@type":"ListItem","position":4,"name":"Die Harzer Schmalpsurbahnen 2026"}]},{"@type":"WebSite","@id":"https:\/\/mixmediastore.com\/nl\/#website","url":"https:\/\/mixmediastore.com\/nl\/","name":"Mixmediastore Your Trainstore","description":"","publisher":{"@id":"https:\/\/mixmediastore.com\/nl\/#organization"},"alternateName":"Your Trainstore","potentialAction":[{"@type":"SearchAction","target":{"@type":"EntryPoint","urlTemplate":"https:\/\/mixmediastore.com\/nl\/?s={search_term_string}"},"query-input":{"@type":"PropertyValueSpecification","valueRequired":true,"valueName":"search_term_string"}}],"inLanguage":"nl-NL"},{"@type":"Organization","@id":"https:\/\/mixmediastore.com\/nl\/#organization","name":"Mixmediastore Your Trainstore","alternateName":"Your Trainstore","url":"https:\/\/mixmediastore.com\/nl\/","logo":{"@type":"ImageObject","inLanguage":"nl-NL","@id":"https:\/\/mixmediastore.com\/nl\/#\/schema\/logo\/image\/","url":"https:\/\/mixmediastore.com\/wp-content\/uploads\/logo-your-trainstore300x300_72px-1.jpg","contentUrl":"https:\/\/mixmediastore.com\/wp-content\/uploads\/logo-your-trainstore300x300_72px-1.jpg","width":300,"height":300,"caption":"Mixmediastore Your Trainstore"},"image":{"@id":"https:\/\/mixmediastore.com\/nl\/#\/schema\/logo\/image\/"},"sameAs":["https:\/\/www.facebook.com\/mixmediastore\/","https:\/\/www.instagram.com\/beeldproducties.nl\/","https:\/\/www.youtube.com\/user\/yourtrainstore"],"description":"In our webshop you will find the largest collection of books, magazines, DVDs\/Blu-rays and calendars about railways, trains, trams and buses. Railways also in model are our specialty. With us you will find subjects from the Netherlands and abroad.","email":"info@mixmediastore.com","telephone":"0031 (0) 71 5818181","legalName":"van den Burg beeldproducties","foundingDate":"1995-03-13","vatID":"NL003273486B24","numberOfEmployees":{"@type":"QuantitativeValue","minValue":"1","maxValue":"10"}}]},"product_brand":"simple","product_price_amount":"22.95","product_price_currency":"EUR","og_availability":"out of stock","product_availability":"out of stock","product_retailer_item_id":"NSE207005","product_condition":"new"},"_links":{"self":[{"href":"https:\/\/mixmediastore.com\/nl\/wp-json\/wp\/v2\/product\/72010","targetHints":{"allow":["GET"]}}],"collection":[{"href":"https:\/\/mixmediastore.com\/nl\/wp-json\/wp\/v2\/product"}],"about":[{"href":"https:\/\/mixmediastore.com\/nl\/wp-json\/wp\/v2\/types\/product"}],"replies":[{"embeddable":true,"href":"https:\/\/mixmediastore.com\/nl\/wp-json\/wp\/v2\/comments?post=72010"}],"version-history":[{"count":9,"href":"https:\/\/mixmediastore.com\/nl\/wp-json\/wp\/v2\/product\/72010\/revisions"}],"predecessor-version":[{"id":72196,"href":"https:\/\/mixmediastore.com\/nl\/wp-json\/wp\/v2\/product\/72010\/revisions\/72196"}],"wp:featuredmedia":[{"embeddable":true,"href":"https:\/\/mixmediastore.com\/nl\/wp-json\/wp\/v2\/media\/72016"}],"wp:attachment":[{"href":"https:\/\/mixmediastore.com\/nl\/wp-json\/wp\/v2\/media?parent=72010"}],"wp:term":[{"taxonomy":"product_brand","embeddable":true,"href":"https:\/\/mixmediastore.com\/nl\/wp-json\/wp\/v2\/product_brand?post=72010"},{"taxonomy":"product_cat","embeddable":true,"href":"https:\/\/mixmediastore.com\/nl\/wp-json\/wp\/v2\/product_cat?post=72010"},{"taxonomy":"product_tag","embeddable":true,"href":"https:\/\/mixmediastore.com\/nl\/wp-json\/wp\/v2\/product_tag?post=72010"}],"curies":[{"name":"wp","href":"https:\/\/api.w.org\/{rel}","templated":true}]}}