{"id":70846,"date":"2025-03-04T09:00:17","date_gmt":"2025-03-04T08:00:17","guid":{"rendered":"https:\/\/mixmediastore.com\/?post_type=product&#038;p=70846"},"modified":"2026-03-02T15:12:32","modified_gmt":"2026-03-02T14:12:32","slug":"schweizer-foto-almanach-2026","status":"publish","type":"product","link":"https:\/\/mixmediastore.com\/nl\/shop-2\/formaat-148-x-21-cm\/schweizer-foto-almanach-2026\/","title":{"rendered":"Schweizer Foto-Almanach-2026"},"content":{"rendered":"<p><strong>Schweizer Foto-Almanach-2026<\/strong><\/p>\n<p><span style=\"color: #ff0000;\"><strong>Aanbieding t\/m 30 november<\/strong><\/span><\/p>\n<p>Stimmungsvolle Bilder im Agendaformat. Der Planungskalender im A5 Format hilft Ihnen den \u00dcberblick zu behalten und Ihre Termine zu koordinieren. Woche f\u00fcr Woche begleitet Sie der Swiss Foto-Almanach mit wundersch\u00f6nen Fotografien der Schweizer Landschaft, UNESCO-Welterbe der Schweiz und Historic-Bilder.<\/p>\n<p><strong>Format:\u00a0A5<\/strong><br \/>\n<strong>Kalendarium:\u00a0de\/fr\/it\/sp\/engl<\/strong><br \/>\n<strong>Druck:\u00a04farbig\/Skala<\/strong><br \/>\n<strong>Papier:\u00a0gl\u00e4nzend gestrichen weiss<\/strong><br \/>\n<strong>Seiten:\u00a0128 Seiten mit 64 Bildern, 1 Woche und 1 Bild pro Doppelseite<\/strong><\/p>\n<p><strong>Schweizer Foto-Almanach-2026<\/strong><\/p>\n","protected":false},"excerpt":{"rendered":"<p><span style=\"color: #ff0000;\"><strong>Aanbieding t\/m 30 november<\/strong><\/span><\/p>\n<p class=\"ai-optimize-29\">Stimmungsvolle Bilder im Agendaformat. Der Planungskalender im A5 Format hilft Ihnen den \u00dcberblick zu behalten und Ihre Termine zu koordinieren. Woche f\u00fcr Woche begleitet Sie der Swiss Foto-Almanach mit wundersch\u00f6nen Fotografien der Schweizer Landschaft, UNESCO-Welterbe der Schweiz und Historic-Bilder.<\/p>\n","protected":false},"featured_media":70855,"comment_status":"closed","ping_status":"closed","template":"","meta":{"site-sidebar-layout":"default","site-content-layout":"default","ast-site-content-layout":"default","site-content-style":"default","site-sidebar-style":"default","ast-global-header-display":"","ast-banner-title-visibility":"","ast-main-header-display":"","ast-hfb-above-header-display":"","ast-hfb-below-header-display":"","ast-hfb-mobile-header-display":"","site-post-title":"","ast-breadcrumbs-content":"","ast-featured-img":"","footer-sml-layout":"","ast-disable-related-posts":"","theme-transparent-header-meta":"default","adv-header-id-meta":"","stick-header-meta":"default","header-above-stick-meta":"","header-main-stick-meta":"","header-below-stick-meta":"","astra-migrate-meta-layouts":"set","ast-page-background-enabled":"default","ast-page-background-meta":{"desktop":{"background-color":"var(--ast-global-color-5)","background-image":"","background-repeat":"repeat","background-position":"center center","background-size":"auto","background-attachment":"scroll","background-type":"","background-media":"","overlay-type":"","overlay-color":"","overlay-opacity":"","overlay-gradient":""},"tablet":{"background-color":"","background-image":"","background-repeat":"repeat","background-position":"center center","background-size":"auto","background-attachment":"scroll","background-type":"","background-media":"","overlay-type":"","overlay-color":"","overlay-opacity":"","overlay-gradient":""},"mobile":{"background-color":"","background-image":"","background-repeat":"repeat","background-position":"center center","background-size":"auto","background-attachment":"scroll","background-type":"","background-media":"","overlay-type":"","overlay-color":"","overlay-opacity":"","overlay-gradient":""}},"ast-content-background-meta":{"desktop":{"background-color":"var(--ast-global-color-4)","background-image":"","background-repeat":"repeat","background-position":"center center","background-size":"auto","background-attachment":"scroll","background-type":"","background-media":"","overlay-type":"","overlay-color":"","overlay-opacity":"","overlay-gradient":""},"tablet":{"background-color":"var(--ast-global-color-4)","background-image":"","background-repeat":"repeat","background-position":"center center","background-size":"auto","background-attachment":"scroll","background-type":"","background-media":"","overlay-type":"","overlay-color":"","overlay-opacity":"","overlay-gradient":""},"mobile":{"background-color":"var(--ast-global-color-4)","background-image":"","background-repeat":"repeat","background-position":"center center","background-size":"auto","background-attachment":"scroll","background-type":"","background-media":"","overlay-type":"","overlay-color":"","overlay-opacity":"","overlay-gradient":""}}},"product_brand":[16681],"product_cat":[15994,16662],"product_tag":[2349,2399],"class_list":{"0":"post-70846","1":"product","2":"type-product","3":"status-publish","4":"has-post-thumbnail","6":"product_brand-calendaria","7":"product_cat-calendaria-kalenders-2026","8":"product_cat-formaat-148-x-21-cm","9":"product_tag-kalender","10":"product_tag-zwitserland","11":"pa_bindwijze-ringband","12":"pa_product-kalender","13":"pa_series-calendaria-kalenders","14":"pa_taal-duits","15":"pa_uitgever-producent-calendaria-ag","16":"desktop-align-left","17":"tablet-align-left","18":"mobile-align-left","19":"ast-product-gallery-layout-horizontal-slider","20":"ast-magnify-disabled","21":"ast-product-tabs-layout-horizontal","23":"first","24":"instock","25":"taxable","26":"shipping-taxable","27":"purchasable","28":"product-type-simple"},"yoast_head":"<!-- This site is optimized with the Yoast SEO Premium plugin v26.2 (Yoast SEO v27.2) - https:\/\/yoast.com\/product\/yoast-seo-premium-wordpress\/ -->\n<title>Schweizer Foto-Almanach-2026: De cultagenda van Zwitserland<\/title>\n<meta name=\"description\" content=\"Met de Schweizer Foto-Almanach-2026 heb je niet alleen een planning, maar ook schitterende foto&#039;s van de Schweiz. Bestel hem nog vandaag!\" \/>\n<meta name=\"robots\" content=\"index, follow, max-snippet:-1, max-image-preview:large, max-video-preview:-1\" \/>\n<link rel=\"canonical\" href=\"https:\/\/mixmediastore.com\/nl\/shop-2\/formaat-148-x-21-cm\/schweizer-foto-almanach-2026\/\" \/>\n<meta property=\"og:locale\" content=\"nl_NL\" \/>\n<meta property=\"og:type\" content=\"article\" \/>\n<meta property=\"og:title\" content=\"Schweizer Foto-Almanach-2026\" \/>\n<meta property=\"og:description\" content=\"Met de Schweizer Foto-Almanach-2026 heb je niet alleen een planning, maar ook schitterende foto&#039;s van de Schweiz. Bestel hem nog vandaag!\" \/>\n<meta property=\"og:url\" content=\"https:\/\/mixmediastore.com\/nl\/shop-2\/formaat-148-x-21-cm\/schweizer-foto-almanach-2026\/\" \/>\n<meta property=\"og:site_name\" content=\"Mixmediastore Your Trainstore\" \/>\n<meta property=\"article:publisher\" content=\"https:\/\/www.facebook.com\/mixmediastore\/\" \/>\n<meta property=\"article:modified_time\" content=\"2026-03-02T14:12:32+00:00\" \/>\n<meta property=\"og:image\" content=\"https:\/\/mixmediastore.com\/wp-content\/uploads\/607_gr_bewerkt_Klein.png\" \/>\n\t<meta property=\"og:image:width\" content=\"800\" \/>\n\t<meta property=\"og:image:height\" content=\"800\" \/>\n\t<meta property=\"og:image:type\" content=\"image\/png\" \/>\n<meta name=\"twitter:card\" content=\"summary_large_image\" \/>\n<meta name=\"twitter:label1\" content=\"Prijs\" \/>\n\t<meta name=\"twitter:data1\" content=\"&euro;&nbsp;29,95\" \/>\n\t<meta name=\"twitter:label2\" content=\"Beschikbaarheid\" \/>\n\t<meta name=\"twitter:data2\" content=\"Op voorraad\" \/>\n<script type=\"application\/ld+json\" class=\"yoast-schema-graph\">{\"@context\":\"https:\/\/schema.org\",\"@graph\":[{\"@type\":\"WebPage\",\"@id\":\"https:\/\/mixmediastore.com\/nl\/shop-2\/formaat-148-x-21-cm\/schweizer-foto-almanach-2026\/\",\"url\":\"https:\/\/mixmediastore.com\/nl\/shop-2\/formaat-148-x-21-cm\/schweizer-foto-almanach-2026\/\",\"name\":\"Schweizer Foto-Almanach-2026: De cultagenda van Zwitserland\",\"isPartOf\":{\"@id\":\"https:\/\/mixmediastore.com\/nl\/#website\"},\"primaryImageOfPage\":{\"@id\":\"https:\/\/mixmediastore.com\/nl\/shop-2\/formaat-148-x-21-cm\/schweizer-foto-almanach-2026\/#primaryimage\"},\"image\":{\"@id\":\"https:\/\/mixmediastore.com\/nl\/shop-2\/formaat-148-x-21-cm\/schweizer-foto-almanach-2026\/#primaryimage\"},\"thumbnailUrl\":\"https:\/\/mixmediastore.com\/wp-content\/uploads\/607_gr_bewerkt_Klein.png\",\"datePublished\":\"2025-03-04T08:00:17+00:00\",\"dateModified\":\"2026-03-02T14:12:32+00:00\",\"description\":\"Met de Schweizer Foto-Almanach-2026 heb je niet alleen een planning, maar ook schitterende foto's van de Schweiz. Bestel hem nog vandaag!\",\"breadcrumb\":{\"@id\":\"https:\/\/mixmediastore.com\/nl\/shop-2\/formaat-148-x-21-cm\/schweizer-foto-almanach-2026\/#breadcrumb\"},\"inLanguage\":\"nl-NL\",\"potentialAction\":[{\"@type\":\"ReadAction\",\"target\":[\"https:\/\/mixmediastore.com\/nl\/shop-2\/formaat-148-x-21-cm\/schweizer-foto-almanach-2026\/\"]}]},{\"@type\":\"ImageObject\",\"inLanguage\":\"nl-NL\",\"@id\":\"https:\/\/mixmediastore.com\/nl\/shop-2\/formaat-148-x-21-cm\/schweizer-foto-almanach-2026\/#primaryimage\",\"url\":\"https:\/\/mixmediastore.com\/wp-content\/uploads\/607_gr_bewerkt_Klein.png\",\"contentUrl\":\"https:\/\/mixmediastore.com\/wp-content\/uploads\/607_gr_bewerkt_Klein.png\",\"width\":800,\"height\":800,\"caption\":\"Schweizer Foto-Almanach-2026\"},{\"@type\":\"BreadcrumbList\",\"@id\":\"https:\/\/mixmediastore.com\/nl\/shop-2\/formaat-148-x-21-cm\/schweizer-foto-almanach-2026\/#breadcrumb\",\"itemListElement\":[{\"@type\":\"ListItem\",\"position\":1,\"name\":\"Trainstore\",\"item\":\"https:\/\/mixmediastore.com\/nl\/\"},{\"@type\":\"ListItem\",\"position\":2,\"name\":\"Shop\",\"item\":\"https:\/\/mixmediastore.com\/nl\/shop-2\/\"},{\"@type\":\"ListItem\",\"position\":3,\"name\":\"Formaat 14,8 x 21 cm\",\"item\":\"https:\/\/mixmediastore.com\/nl\/product-category\/formaat-148-x-21-cm\/\"},{\"@type\":\"ListItem\",\"position\":4,\"name\":\"Schweizer Foto-Almanach-2026\"}]},{\"@type\":\"WebSite\",\"@id\":\"https:\/\/mixmediastore.com\/nl\/#website\",\"url\":\"https:\/\/mixmediastore.com\/nl\/\",\"name\":\"Mixmediastore Your Trainstore\",\"description\":\"\",\"publisher\":{\"@id\":\"https:\/\/mixmediastore.com\/nl\/#organization\"},\"alternateName\":\"Your Trainstore\",\"potentialAction\":[{\"@type\":\"SearchAction\",\"target\":{\"@type\":\"EntryPoint\",\"urlTemplate\":\"https:\/\/mixmediastore.com\/nl\/?s={search_term_string}\"},\"query-input\":{\"@type\":\"PropertyValueSpecification\",\"valueRequired\":true,\"valueName\":\"search_term_string\"}}],\"inLanguage\":\"nl-NL\"},{\"@type\":\"Organization\",\"@id\":\"https:\/\/mixmediastore.com\/nl\/#organization\",\"name\":\"Mixmediastore Your Trainstore\",\"alternateName\":\"Your Trainstore\",\"url\":\"https:\/\/mixmediastore.com\/nl\/\",\"logo\":{\"@type\":\"ImageObject\",\"inLanguage\":\"nl-NL\",\"@id\":\"https:\/\/mixmediastore.com\/nl\/#\/schema\/logo\/image\/\",\"url\":\"https:\/\/mixmediastore.com\/wp-content\/uploads\/logo-your-trainstore300x300_72px-1.jpg\",\"contentUrl\":\"https:\/\/mixmediastore.com\/wp-content\/uploads\/logo-your-trainstore300x300_72px-1.jpg\",\"width\":300,\"height\":300,\"caption\":\"Mixmediastore Your Trainstore\"},\"image\":{\"@id\":\"https:\/\/mixmediastore.com\/nl\/#\/schema\/logo\/image\/\"},\"sameAs\":[\"https:\/\/www.facebook.com\/mixmediastore\/\",\"https:\/\/www.instagram.com\/beeldproducties.nl\/\",\"https:\/\/www.youtube.com\/user\/yourtrainstore\"],\"description\":\"In our webshop you will find the largest collection of books, magazines, DVDs\/Blu-rays and calendars about railways, trains, trams and buses. Railways also in model are our specialty. With us you will find subjects from the Netherlands and abroad.\",\"email\":\"info@mixmediastore.com\",\"telephone\":\"0031 (0) 71 5818181\",\"legalName\":\"van den Burg beeldproducties\",\"foundingDate\":\"1995-03-13\",\"vatID\":\"NL003273486B24\",\"numberOfEmployees\":{\"@type\":\"QuantitativeValue\",\"minValue\":\"1\",\"maxValue\":\"10\"}}]}<\/script>\n<meta property=\"product:brand\" content=\"simple\" \/>\n<meta property=\"product:price:amount\" content=\"29.95\" \/>\n<meta property=\"product:price:currency\" content=\"EUR\" \/>\n<meta property=\"og:availability\" content=\"instock\" \/>\n<meta property=\"product:availability\" content=\"instock\" \/>\n<meta property=\"product:retailer_item_id\" content=\"Schweizer Foto-Almanach-2026\" \/>\n<meta property=\"product:condition\" content=\"new\" \/>\n<!-- \/ Yoast SEO Premium plugin. -->","yoast_head_json":{"title":"Schweizer Foto-Almanach-2026: De cultagenda van Zwitserland","description":"Met de Schweizer Foto-Almanach-2026 heb je niet alleen een planning, maar ook schitterende foto's van de Schweiz. Bestel hem nog vandaag!","robots":{"index":"index","follow":"follow","max-snippet":"max-snippet:-1","max-image-preview":"max-image-preview:large","max-video-preview":"max-video-preview:-1"},"canonical":"https:\/\/mixmediastore.com\/nl\/shop-2\/formaat-148-x-21-cm\/schweizer-foto-almanach-2026\/","og_locale":"nl_NL","og_type":"article","og_title":"Schweizer Foto-Almanach-2026","og_description":"Met de Schweizer Foto-Almanach-2026 heb je niet alleen een planning, maar ook schitterende foto's van de Schweiz. Bestel hem nog vandaag!","og_url":"https:\/\/mixmediastore.com\/nl\/shop-2\/formaat-148-x-21-cm\/schweizer-foto-almanach-2026\/","og_site_name":"Mixmediastore Your Trainstore","article_publisher":"https:\/\/www.facebook.com\/mixmediastore\/","article_modified_time":"2026-03-02T14:12:32+00:00","og_image":[{"width":800,"height":800,"url":"https:\/\/mixmediastore.com\/wp-content\/uploads\/607_gr_bewerkt_Klein.png","type":"image\/png"}],"twitter_card":"summary_large_image","twitter_misc":{"Prijs":"&euro;&nbsp;29,95","Beschikbaarheid":"Op voorraad"},"schema":{"@context":"https:\/\/schema.org","@graph":[{"@type":"WebPage","@id":"https:\/\/mixmediastore.com\/nl\/shop-2\/formaat-148-x-21-cm\/schweizer-foto-almanach-2026\/","url":"https:\/\/mixmediastore.com\/nl\/shop-2\/formaat-148-x-21-cm\/schweizer-foto-almanach-2026\/","name":"Schweizer Foto-Almanach-2026: De cultagenda van Zwitserland","isPartOf":{"@id":"https:\/\/mixmediastore.com\/nl\/#website"},"primaryImageOfPage":{"@id":"https:\/\/mixmediastore.com\/nl\/shop-2\/formaat-148-x-21-cm\/schweizer-foto-almanach-2026\/#primaryimage"},"image":{"@id":"https:\/\/mixmediastore.com\/nl\/shop-2\/formaat-148-x-21-cm\/schweizer-foto-almanach-2026\/#primaryimage"},"thumbnailUrl":"https:\/\/mixmediastore.com\/wp-content\/uploads\/607_gr_bewerkt_Klein.png","datePublished":"2025-03-04T08:00:17+00:00","dateModified":"2026-03-02T14:12:32+00:00","description":"Met de Schweizer Foto-Almanach-2026 heb je niet alleen een planning, maar ook schitterende foto's van de Schweiz. Bestel hem nog vandaag!","breadcrumb":{"@id":"https:\/\/mixmediastore.com\/nl\/shop-2\/formaat-148-x-21-cm\/schweizer-foto-almanach-2026\/#breadcrumb"},"inLanguage":"nl-NL","potentialAction":[{"@type":"ReadAction","target":["https:\/\/mixmediastore.com\/nl\/shop-2\/formaat-148-x-21-cm\/schweizer-foto-almanach-2026\/"]}]},{"@type":"ImageObject","inLanguage":"nl-NL","@id":"https:\/\/mixmediastore.com\/nl\/shop-2\/formaat-148-x-21-cm\/schweizer-foto-almanach-2026\/#primaryimage","url":"https:\/\/mixmediastore.com\/wp-content\/uploads\/607_gr_bewerkt_Klein.png","contentUrl":"https:\/\/mixmediastore.com\/wp-content\/uploads\/607_gr_bewerkt_Klein.png","width":800,"height":800,"caption":"Schweizer Foto-Almanach-2026"},{"@type":"BreadcrumbList","@id":"https:\/\/mixmediastore.com\/nl\/shop-2\/formaat-148-x-21-cm\/schweizer-foto-almanach-2026\/#breadcrumb","itemListElement":[{"@type":"ListItem","position":1,"name":"Trainstore","item":"https:\/\/mixmediastore.com\/nl\/"},{"@type":"ListItem","position":2,"name":"Shop","item":"https:\/\/mixmediastore.com\/nl\/shop-2\/"},{"@type":"ListItem","position":3,"name":"Formaat 14,8 x 21 cm","item":"https:\/\/mixmediastore.com\/nl\/product-category\/formaat-148-x-21-cm\/"},{"@type":"ListItem","position":4,"name":"Schweizer Foto-Almanach-2026"}]},{"@type":"WebSite","@id":"https:\/\/mixmediastore.com\/nl\/#website","url":"https:\/\/mixmediastore.com\/nl\/","name":"Mixmediastore Your Trainstore","description":"","publisher":{"@id":"https:\/\/mixmediastore.com\/nl\/#organization"},"alternateName":"Your Trainstore","potentialAction":[{"@type":"SearchAction","target":{"@type":"EntryPoint","urlTemplate":"https:\/\/mixmediastore.com\/nl\/?s={search_term_string}"},"query-input":{"@type":"PropertyValueSpecification","valueRequired":true,"valueName":"search_term_string"}}],"inLanguage":"nl-NL"},{"@type":"Organization","@id":"https:\/\/mixmediastore.com\/nl\/#organization","name":"Mixmediastore Your Trainstore","alternateName":"Your Trainstore","url":"https:\/\/mixmediastore.com\/nl\/","logo":{"@type":"ImageObject","inLanguage":"nl-NL","@id":"https:\/\/mixmediastore.com\/nl\/#\/schema\/logo\/image\/","url":"https:\/\/mixmediastore.com\/wp-content\/uploads\/logo-your-trainstore300x300_72px-1.jpg","contentUrl":"https:\/\/mixmediastore.com\/wp-content\/uploads\/logo-your-trainstore300x300_72px-1.jpg","width":300,"height":300,"caption":"Mixmediastore Your Trainstore"},"image":{"@id":"https:\/\/mixmediastore.com\/nl\/#\/schema\/logo\/image\/"},"sameAs":["https:\/\/www.facebook.com\/mixmediastore\/","https:\/\/www.instagram.com\/beeldproducties.nl\/","https:\/\/www.youtube.com\/user\/yourtrainstore"],"description":"In our webshop you will find the largest collection of books, magazines, DVDs\/Blu-rays and calendars about railways, trains, trams and buses. Railways also in model are our specialty. With us you will find subjects from the Netherlands and abroad.","email":"info@mixmediastore.com","telephone":"0031 (0) 71 5818181","legalName":"van den Burg beeldproducties","foundingDate":"1995-03-13","vatID":"NL003273486B24","numberOfEmployees":{"@type":"QuantitativeValue","minValue":"1","maxValue":"10"}}]},"product_brand":"simple","product_price_amount":"29.95","product_price_currency":"EUR","og_availability":"instock","product_availability":"instock","product_retailer_item_id":"Schweizer Foto-Almanach-2026","product_condition":"new"},"_links":{"self":[{"href":"https:\/\/mixmediastore.com\/nl\/wp-json\/wp\/v2\/product\/70846","targetHints":{"allow":["GET"]}}],"collection":[{"href":"https:\/\/mixmediastore.com\/nl\/wp-json\/wp\/v2\/product"}],"about":[{"href":"https:\/\/mixmediastore.com\/nl\/wp-json\/wp\/v2\/types\/product"}],"replies":[{"embeddable":true,"href":"https:\/\/mixmediastore.com\/nl\/wp-json\/wp\/v2\/comments?post=70846"}],"version-history":[{"count":5,"href":"https:\/\/mixmediastore.com\/nl\/wp-json\/wp\/v2\/product\/70846\/revisions"}],"predecessor-version":[{"id":72723,"href":"https:\/\/mixmediastore.com\/nl\/wp-json\/wp\/v2\/product\/70846\/revisions\/72723"}],"wp:featuredmedia":[{"embeddable":true,"href":"https:\/\/mixmediastore.com\/nl\/wp-json\/wp\/v2\/media\/70855"}],"wp:attachment":[{"href":"https:\/\/mixmediastore.com\/nl\/wp-json\/wp\/v2\/media?parent=70846"}],"wp:term":[{"taxonomy":"product_brand","embeddable":true,"href":"https:\/\/mixmediastore.com\/nl\/wp-json\/wp\/v2\/product_brand?post=70846"},{"taxonomy":"product_cat","embeddable":true,"href":"https:\/\/mixmediastore.com\/nl\/wp-json\/wp\/v2\/product_cat?post=70846"},{"taxonomy":"product_tag","embeddable":true,"href":"https:\/\/mixmediastore.com\/nl\/wp-json\/wp\/v2\/product_tag?post=70846"}],"curies":[{"name":"wp","href":"https:\/\/api.w.org\/{rel}","templated":true}]}}