{"id":70479,"date":"2025-02-14T14:11:43","date_gmt":"2025-02-14T13:11:43","guid":{"rendered":"https:\/\/mixmediastore.com\/?post_type=product&#038;p=70479"},"modified":"2026-02-13T09:44:05","modified_gmt":"2026-02-13T08:44:05","slug":"alpenbahnen-2026","status":"publish","type":"product","link":"https:\/\/mixmediastore.com\/nl\/shop-2\/spoorwegkalenders\/eisenbahn-kurier-kalenders-2026\/alpenbahnen\/alpenbahnen-2026\/","title":{"rendered":"Alpenbahnen 2026"},"content":{"rendered":"<p id=\"productTitle\"><strong>Alpenbahnen 2026<\/strong><\/p>\n<p><span style=\"font-size: 20px;\">Dieser herrliche Farbkalender entf\u00fchrt ein ganzes Jahr lang in die reizvolle Welt der Alpen. Ein Erlebnis sind die markanten Triebfahrzeuge aus \u00d6sterreich und der Schweiz, die sich im Wechsel der Jahreszeiten auf k\u00fchn geschwungenen Gleisen ihren Weg bahnen. Beeindruckende Berge bilden die eindrucksvolle Kulisse.<\/span><\/p>\n<p class=\"Normal tm5 tm7\">13 farbige Kalenderbl\u00e4tter auf Kunstdruckpapier mit insgesamt 12 Abbildungen<br \/>\nGro\u00dfformat: 480 x 300 mm<br \/>\nSpiralbindung<\/p>\n<p id=\"productTitle\"><strong>Alpenbahnen 2026<\/strong><\/p>\n","protected":false},"excerpt":{"rendered":"<div>Dieser herrliche Farbkalender entf\u00fchrt ein ganzes Jahr lang in die reizvolle Welt der Alpen. Ein Erlebnis sind die markanten Triebfahrzeuge aus \u00d6sterreich und der Schweiz, die sich im Wechsel der Jahreszeiten auf k\u00fchn geschwungenen Gleisen ihren Weg bahnen. Beeindruckende Berge bilden die eindrucksvolle Kulisse.<\/div>\n","protected":false},"featured_media":70485,"comment_status":"closed","ping_status":"closed","template":"","meta":{"site-sidebar-layout":"default","site-content-layout":"default","ast-site-content-layout":"default","site-content-style":"default","site-sidebar-style":"default","ast-global-header-display":"","ast-banner-title-visibility":"","ast-main-header-display":"","ast-hfb-above-header-display":"","ast-hfb-below-header-display":"","ast-hfb-mobile-header-display":"","site-post-title":"","ast-breadcrumbs-content":"","ast-featured-img":"","footer-sml-layout":"","ast-disable-related-posts":"","theme-transparent-header-meta":"default","adv-header-id-meta":"","stick-header-meta":"default","header-above-stick-meta":"","header-main-stick-meta":"","header-below-stick-meta":"","astra-migrate-meta-layouts":"set","ast-page-background-enabled":"default","ast-page-background-meta":{"desktop":{"background-color":"var(--ast-global-color-5)","background-image":"","background-repeat":"repeat","background-position":"center center","background-size":"auto","background-attachment":"scroll","background-type":"","background-media":"","overlay-type":"","overlay-color":"","overlay-opacity":"","overlay-gradient":""},"tablet":{"background-color":"","background-image":"","background-repeat":"repeat","background-position":"center center","background-size":"auto","background-attachment":"scroll","background-type":"","background-media":"","overlay-type":"","overlay-color":"","overlay-opacity":"","overlay-gradient":""},"mobile":{"background-color":"","background-image":"","background-repeat":"repeat","background-position":"center center","background-size":"auto","background-attachment":"scroll","background-type":"","background-media":"","overlay-type":"","overlay-color":"","overlay-opacity":"","overlay-gradient":""}},"ast-content-background-meta":{"desktop":{"background-color":"var(--ast-global-color-4)","background-image":"","background-repeat":"repeat","background-position":"center center","background-size":"auto","background-attachment":"scroll","background-type":"","background-media":"","overlay-type":"","overlay-color":"","overlay-opacity":"","overlay-gradient":""},"tablet":{"background-color":"var(--ast-global-color-4)","background-image":"","background-repeat":"repeat","background-position":"center center","background-size":"auto","background-attachment":"scroll","background-type":"","background-media":"","overlay-type":"","overlay-color":"","overlay-opacity":"","overlay-gradient":""},"mobile":{"background-color":"var(--ast-global-color-4)","background-image":"","background-repeat":"repeat","background-position":"center center","background-size":"auto","background-attachment":"scroll","background-type":"","background-media":"","overlay-type":"","overlay-color":"","overlay-opacity":"","overlay-gradient":""}}},"product_brand":[16535],"product_cat":[16595,16664],"product_tag":[2349],"class_list":{"0":"post-70479","1":"product","2":"type-product","3":"status-publish","4":"has-post-thumbnail","6":"product_brand-eisenbahn-kurier","7":"product_cat-alpenbahnen","8":"product_cat-formaat-48-x-30-cm","9":"product_tag-kalender","10":"product_shipping_class-kalenders-groot","11":"pa_bindwijze-ringband","12":"pa_product-kalender","13":"pa_series-ek-kalender","14":"pa_taal-duits","15":"pa_uitgever-producent-ek-verlag","16":"desktop-align-left","17":"tablet-align-left","18":"mobile-align-left","19":"ast-product-gallery-layout-horizontal-slider","20":"ast-product-gallery-with-no-image","21":"ast-magnify-disabled","22":"ast-product-tabs-layout-horizontal","24":"first","25":"outofstock","26":"taxable","27":"shipping-taxable","28":"purchasable","29":"product-type-simple"},"yoast_head":"<!-- This site is optimized with the Yoast SEO Premium plugin v26.2 (Yoast SEO v27.2) - https:\/\/yoast.com\/product\/yoast-seo-premium-wordpress\/ -->\n<title>Alpenbahnen 2026- Mixmediastore<\/title>\n<meta name=\"description\" content=\"Alpenbahnen 2026 - 13 farbige Kalenderbl\u00e4tter auf Kunstdruckpapier mit insgesamt 12 AbbildungenGro\u00dfformat: 480 x 300 mm - Spiralbindung\" \/>\n<meta name=\"robots\" content=\"index, follow, max-snippet:-1, max-image-preview:large, max-video-preview:-1\" \/>\n<link rel=\"canonical\" href=\"https:\/\/mixmediastore.com\/nl\/shop-2\/spoorwegkalenders\/eisenbahn-kurier-kalenders-2026\/alpenbahnen\/alpenbahnen-2026\/\" \/>\n<meta property=\"og:locale\" content=\"nl_NL\" \/>\n<meta property=\"og:type\" content=\"article\" \/>\n<meta property=\"og:title\" content=\"Alpenbahnen 2026\" \/>\n<meta property=\"og:description\" content=\"Alpenbahnen 2026 - 13 farbige Kalenderbl\u00e4tter auf Kunstdruckpapier mit insgesamt 12 AbbildungenGro\u00dfformat: 480 x 300 mm - Spiralbindung\" \/>\n<meta property=\"og:url\" content=\"https:\/\/mixmediastore.com\/nl\/shop-2\/spoorwegkalenders\/eisenbahn-kurier-kalenders-2026\/alpenbahnen\/alpenbahnen-2026\/\" \/>\n<meta property=\"og:site_name\" content=\"Mixmediastore Your Trainstore\" \/>\n<meta property=\"article:publisher\" content=\"https:\/\/www.facebook.com\/mixmediastore\/\" \/>\n<meta property=\"article:modified_time\" content=\"2026-02-13T08:44:05+00:00\" \/>\n<meta property=\"og:image\" content=\"https:\/\/mixmediastore.com\/wp-content\/uploads\/5960-1000.png\" \/>\n\t<meta property=\"og:image:width\" content=\"588\" \/>\n\t<meta property=\"og:image:height\" content=\"588\" \/>\n\t<meta property=\"og:image:type\" content=\"image\/png\" \/>\n<meta name=\"twitter:card\" content=\"summary_large_image\" \/>\n<meta name=\"twitter:label1\" content=\"Prijs\" \/>\n\t<meta name=\"twitter:data1\" content=\"&euro;&nbsp;17,95\" \/>\n\t<meta name=\"twitter:label2\" content=\"Beschikbaarheid\" \/>\n\t<meta name=\"twitter:data2\" content=\"Uitverkocht\" \/>\n<script type=\"application\/ld+json\" class=\"yoast-schema-graph\">{\"@context\":\"https:\/\/schema.org\",\"@graph\":[{\"@type\":\"WebPage\",\"@id\":\"https:\/\/mixmediastore.com\/nl\/shop-2\/spoorwegkalenders\/eisenbahn-kurier-kalenders-2026\/alpenbahnen\/alpenbahnen-2026\/\",\"url\":\"https:\/\/mixmediastore.com\/nl\/shop-2\/spoorwegkalenders\/eisenbahn-kurier-kalenders-2026\/alpenbahnen\/alpenbahnen-2026\/\",\"name\":\"Alpenbahnen 2026- Mixmediastore\",\"isPartOf\":{\"@id\":\"https:\/\/mixmediastore.com\/nl\/#website\"},\"primaryImageOfPage\":{\"@id\":\"https:\/\/mixmediastore.com\/nl\/shop-2\/spoorwegkalenders\/eisenbahn-kurier-kalenders-2026\/alpenbahnen\/alpenbahnen-2026\/#primaryimage\"},\"image\":{\"@id\":\"https:\/\/mixmediastore.com\/nl\/shop-2\/spoorwegkalenders\/eisenbahn-kurier-kalenders-2026\/alpenbahnen\/alpenbahnen-2026\/#primaryimage\"},\"thumbnailUrl\":\"https:\/\/mixmediastore.com\/wp-content\/uploads\/5960-1000.png\",\"datePublished\":\"2025-02-14T13:11:43+00:00\",\"dateModified\":\"2026-02-13T08:44:05+00:00\",\"description\":\"Alpenbahnen 2026 - 13 farbige Kalenderbl\u00e4tter auf Kunstdruckpapier mit insgesamt 12 AbbildungenGro\u00dfformat: 480 x 300 mm - Spiralbindung\",\"breadcrumb\":{\"@id\":\"https:\/\/mixmediastore.com\/nl\/shop-2\/spoorwegkalenders\/eisenbahn-kurier-kalenders-2026\/alpenbahnen\/alpenbahnen-2026\/#breadcrumb\"},\"inLanguage\":\"nl-NL\",\"potentialAction\":[{\"@type\":\"ReadAction\",\"target\":[\"https:\/\/mixmediastore.com\/nl\/shop-2\/spoorwegkalenders\/eisenbahn-kurier-kalenders-2026\/alpenbahnen\/alpenbahnen-2026\/\"]}]},{\"@type\":\"ImageObject\",\"inLanguage\":\"nl-NL\",\"@id\":\"https:\/\/mixmediastore.com\/nl\/shop-2\/spoorwegkalenders\/eisenbahn-kurier-kalenders-2026\/alpenbahnen\/alpenbahnen-2026\/#primaryimage\",\"url\":\"https:\/\/mixmediastore.com\/wp-content\/uploads\/5960-1000.png\",\"contentUrl\":\"https:\/\/mixmediastore.com\/wp-content\/uploads\/5960-1000.png\",\"width\":588,\"height\":588,\"caption\":\"Alpenbahnen 2026\"},{\"@type\":\"BreadcrumbList\",\"@id\":\"https:\/\/mixmediastore.com\/nl\/shop-2\/spoorwegkalenders\/eisenbahn-kurier-kalenders-2026\/alpenbahnen\/alpenbahnen-2026\/#breadcrumb\",\"itemListElement\":[{\"@type\":\"ListItem\",\"position\":1,\"name\":\"Trainstore\",\"item\":\"https:\/\/mixmediastore.com\/nl\/\"},{\"@type\":\"ListItem\",\"position\":2,\"name\":\"Shop\",\"item\":\"https:\/\/mixmediastore.com\/nl\/shop-2\/\"},{\"@type\":\"ListItem\",\"position\":3,\"name\":\"Spoorwegkalenders\",\"item\":\"https:\/\/mixmediastore.com\/nl\/product-category\/spoorwegkalenders\/\"},{\"@type\":\"ListItem\",\"position\":4,\"name\":\"Eisenbahn Kurier Kalenders 2026\",\"item\":\"https:\/\/mixmediastore.com\/nl\/product-category\/spoorwegkalenders\/eisenbahn-kurier-kalenders-2026\/\"},{\"@type\":\"ListItem\",\"position\":5,\"name\":\"Alpenbahnen\",\"item\":\"https:\/\/mixmediastore.com\/nl\/product-category\/spoorwegkalenders\/eisenbahn-kurier-kalenders-2026\/alpenbahnen\/\"},{\"@type\":\"ListItem\",\"position\":6,\"name\":\"Alpenbahnen 2026\"}]},{\"@type\":\"WebSite\",\"@id\":\"https:\/\/mixmediastore.com\/nl\/#website\",\"url\":\"https:\/\/mixmediastore.com\/nl\/\",\"name\":\"Mixmediastore Your Trainstore\",\"description\":\"\",\"publisher\":{\"@id\":\"https:\/\/mixmediastore.com\/nl\/#organization\"},\"alternateName\":\"Your Trainstore\",\"potentialAction\":[{\"@type\":\"SearchAction\",\"target\":{\"@type\":\"EntryPoint\",\"urlTemplate\":\"https:\/\/mixmediastore.com\/nl\/?s={search_term_string}\"},\"query-input\":{\"@type\":\"PropertyValueSpecification\",\"valueRequired\":true,\"valueName\":\"search_term_string\"}}],\"inLanguage\":\"nl-NL\"},{\"@type\":\"Organization\",\"@id\":\"https:\/\/mixmediastore.com\/nl\/#organization\",\"name\":\"Mixmediastore Your Trainstore\",\"alternateName\":\"Your Trainstore\",\"url\":\"https:\/\/mixmediastore.com\/nl\/\",\"logo\":{\"@type\":\"ImageObject\",\"inLanguage\":\"nl-NL\",\"@id\":\"https:\/\/mixmediastore.com\/nl\/#\/schema\/logo\/image\/\",\"url\":\"https:\/\/mixmediastore.com\/wp-content\/uploads\/logo-your-trainstore300x300_72px-1.jpg\",\"contentUrl\":\"https:\/\/mixmediastore.com\/wp-content\/uploads\/logo-your-trainstore300x300_72px-1.jpg\",\"width\":300,\"height\":300,\"caption\":\"Mixmediastore Your Trainstore\"},\"image\":{\"@id\":\"https:\/\/mixmediastore.com\/nl\/#\/schema\/logo\/image\/\"},\"sameAs\":[\"https:\/\/www.facebook.com\/mixmediastore\/\",\"https:\/\/www.instagram.com\/beeldproducties.nl\/\",\"https:\/\/www.youtube.com\/user\/yourtrainstore\"],\"description\":\"In our webshop you will find the largest collection of books, magazines, DVDs\/Blu-rays and calendars about railways, trains, trams and buses. Railways also in model are our specialty. With us you will find subjects from the Netherlands and abroad.\",\"email\":\"info@mixmediastore.com\",\"telephone\":\"0031 (0) 71 5818181\",\"legalName\":\"van den Burg beeldproducties\",\"foundingDate\":\"1995-03-13\",\"vatID\":\"NL003273486B24\",\"numberOfEmployees\":{\"@type\":\"QuantitativeValue\",\"minValue\":\"1\",\"maxValue\":\"10\"}}]}<\/script>\n<meta property=\"product:brand\" content=\"simple\" \/>\n<meta property=\"product:price:amount\" content=\"17.95\" \/>\n<meta property=\"product:price:currency\" content=\"EUR\" \/>\n<meta property=\"og:availability\" content=\"out of stock\" \/>\n<meta property=\"product:availability\" content=\"out of stock\" \/>\n<meta property=\"product:retailer_item_id\" content=\"EK5960\" \/>\n<meta property=\"product:condition\" content=\"new\" \/>\n<!-- \/ Yoast SEO Premium plugin. -->","yoast_head_json":{"title":"Alpenbahnen 2026- Mixmediastore","description":"Alpenbahnen 2026 - 13 farbige Kalenderbl\u00e4tter auf Kunstdruckpapier mit insgesamt 12 AbbildungenGro\u00dfformat: 480 x 300 mm - Spiralbindung","robots":{"index":"index","follow":"follow","max-snippet":"max-snippet:-1","max-image-preview":"max-image-preview:large","max-video-preview":"max-video-preview:-1"},"canonical":"https:\/\/mixmediastore.com\/nl\/shop-2\/spoorwegkalenders\/eisenbahn-kurier-kalenders-2026\/alpenbahnen\/alpenbahnen-2026\/","og_locale":"nl_NL","og_type":"article","og_title":"Alpenbahnen 2026","og_description":"Alpenbahnen 2026 - 13 farbige Kalenderbl\u00e4tter auf Kunstdruckpapier mit insgesamt 12 AbbildungenGro\u00dfformat: 480 x 300 mm - Spiralbindung","og_url":"https:\/\/mixmediastore.com\/nl\/shop-2\/spoorwegkalenders\/eisenbahn-kurier-kalenders-2026\/alpenbahnen\/alpenbahnen-2026\/","og_site_name":"Mixmediastore Your Trainstore","article_publisher":"https:\/\/www.facebook.com\/mixmediastore\/","article_modified_time":"2026-02-13T08:44:05+00:00","og_image":[{"width":588,"height":588,"url":"https:\/\/mixmediastore.com\/wp-content\/uploads\/5960-1000.png","type":"image\/png"}],"twitter_card":"summary_large_image","twitter_misc":{"Prijs":"&euro;&nbsp;17,95","Beschikbaarheid":"Uitverkocht"},"schema":{"@context":"https:\/\/schema.org","@graph":[{"@type":"WebPage","@id":"https:\/\/mixmediastore.com\/nl\/shop-2\/spoorwegkalenders\/eisenbahn-kurier-kalenders-2026\/alpenbahnen\/alpenbahnen-2026\/","url":"https:\/\/mixmediastore.com\/nl\/shop-2\/spoorwegkalenders\/eisenbahn-kurier-kalenders-2026\/alpenbahnen\/alpenbahnen-2026\/","name":"Alpenbahnen 2026- Mixmediastore","isPartOf":{"@id":"https:\/\/mixmediastore.com\/nl\/#website"},"primaryImageOfPage":{"@id":"https:\/\/mixmediastore.com\/nl\/shop-2\/spoorwegkalenders\/eisenbahn-kurier-kalenders-2026\/alpenbahnen\/alpenbahnen-2026\/#primaryimage"},"image":{"@id":"https:\/\/mixmediastore.com\/nl\/shop-2\/spoorwegkalenders\/eisenbahn-kurier-kalenders-2026\/alpenbahnen\/alpenbahnen-2026\/#primaryimage"},"thumbnailUrl":"https:\/\/mixmediastore.com\/wp-content\/uploads\/5960-1000.png","datePublished":"2025-02-14T13:11:43+00:00","dateModified":"2026-02-13T08:44:05+00:00","description":"Alpenbahnen 2026 - 13 farbige Kalenderbl\u00e4tter auf Kunstdruckpapier mit insgesamt 12 AbbildungenGro\u00dfformat: 480 x 300 mm - Spiralbindung","breadcrumb":{"@id":"https:\/\/mixmediastore.com\/nl\/shop-2\/spoorwegkalenders\/eisenbahn-kurier-kalenders-2026\/alpenbahnen\/alpenbahnen-2026\/#breadcrumb"},"inLanguage":"nl-NL","potentialAction":[{"@type":"ReadAction","target":["https:\/\/mixmediastore.com\/nl\/shop-2\/spoorwegkalenders\/eisenbahn-kurier-kalenders-2026\/alpenbahnen\/alpenbahnen-2026\/"]}]},{"@type":"ImageObject","inLanguage":"nl-NL","@id":"https:\/\/mixmediastore.com\/nl\/shop-2\/spoorwegkalenders\/eisenbahn-kurier-kalenders-2026\/alpenbahnen\/alpenbahnen-2026\/#primaryimage","url":"https:\/\/mixmediastore.com\/wp-content\/uploads\/5960-1000.png","contentUrl":"https:\/\/mixmediastore.com\/wp-content\/uploads\/5960-1000.png","width":588,"height":588,"caption":"Alpenbahnen 2026"},{"@type":"BreadcrumbList","@id":"https:\/\/mixmediastore.com\/nl\/shop-2\/spoorwegkalenders\/eisenbahn-kurier-kalenders-2026\/alpenbahnen\/alpenbahnen-2026\/#breadcrumb","itemListElement":[{"@type":"ListItem","position":1,"name":"Trainstore","item":"https:\/\/mixmediastore.com\/nl\/"},{"@type":"ListItem","position":2,"name":"Shop","item":"https:\/\/mixmediastore.com\/nl\/shop-2\/"},{"@type":"ListItem","position":3,"name":"Spoorwegkalenders","item":"https:\/\/mixmediastore.com\/nl\/product-category\/spoorwegkalenders\/"},{"@type":"ListItem","position":4,"name":"Eisenbahn Kurier Kalenders 2026","item":"https:\/\/mixmediastore.com\/nl\/product-category\/spoorwegkalenders\/eisenbahn-kurier-kalenders-2026\/"},{"@type":"ListItem","position":5,"name":"Alpenbahnen","item":"https:\/\/mixmediastore.com\/nl\/product-category\/spoorwegkalenders\/eisenbahn-kurier-kalenders-2026\/alpenbahnen\/"},{"@type":"ListItem","position":6,"name":"Alpenbahnen 2026"}]},{"@type":"WebSite","@id":"https:\/\/mixmediastore.com\/nl\/#website","url":"https:\/\/mixmediastore.com\/nl\/","name":"Mixmediastore Your Trainstore","description":"","publisher":{"@id":"https:\/\/mixmediastore.com\/nl\/#organization"},"alternateName":"Your Trainstore","potentialAction":[{"@type":"SearchAction","target":{"@type":"EntryPoint","urlTemplate":"https:\/\/mixmediastore.com\/nl\/?s={search_term_string}"},"query-input":{"@type":"PropertyValueSpecification","valueRequired":true,"valueName":"search_term_string"}}],"inLanguage":"nl-NL"},{"@type":"Organization","@id":"https:\/\/mixmediastore.com\/nl\/#organization","name":"Mixmediastore Your Trainstore","alternateName":"Your Trainstore","url":"https:\/\/mixmediastore.com\/nl\/","logo":{"@type":"ImageObject","inLanguage":"nl-NL","@id":"https:\/\/mixmediastore.com\/nl\/#\/schema\/logo\/image\/","url":"https:\/\/mixmediastore.com\/wp-content\/uploads\/logo-your-trainstore300x300_72px-1.jpg","contentUrl":"https:\/\/mixmediastore.com\/wp-content\/uploads\/logo-your-trainstore300x300_72px-1.jpg","width":300,"height":300,"caption":"Mixmediastore Your Trainstore"},"image":{"@id":"https:\/\/mixmediastore.com\/nl\/#\/schema\/logo\/image\/"},"sameAs":["https:\/\/www.facebook.com\/mixmediastore\/","https:\/\/www.instagram.com\/beeldproducties.nl\/","https:\/\/www.youtube.com\/user\/yourtrainstore"],"description":"In our webshop you will find the largest collection of books, magazines, DVDs\/Blu-rays and calendars about railways, trains, trams and buses. Railways also in model are our specialty. With us you will find subjects from the Netherlands and abroad.","email":"info@mixmediastore.com","telephone":"0031 (0) 71 5818181","legalName":"van den Burg beeldproducties","foundingDate":"1995-03-13","vatID":"NL003273486B24","numberOfEmployees":{"@type":"QuantitativeValue","minValue":"1","maxValue":"10"}}]},"product_brand":"simple","product_price_amount":"17.95","product_price_currency":"EUR","og_availability":"out of stock","product_availability":"out of stock","product_retailer_item_id":"EK5960","product_condition":"new"},"_links":{"self":[{"href":"https:\/\/mixmediastore.com\/nl\/wp-json\/wp\/v2\/product\/70479","targetHints":{"allow":["GET"]}}],"collection":[{"href":"https:\/\/mixmediastore.com\/nl\/wp-json\/wp\/v2\/product"}],"about":[{"href":"https:\/\/mixmediastore.com\/nl\/wp-json\/wp\/v2\/types\/product"}],"replies":[{"embeddable":true,"href":"https:\/\/mixmediastore.com\/nl\/wp-json\/wp\/v2\/comments?post=70479"}],"version-history":[{"count":10,"href":"https:\/\/mixmediastore.com\/nl\/wp-json\/wp\/v2\/product\/70479\/revisions"}],"predecessor-version":[{"id":72767,"href":"https:\/\/mixmediastore.com\/nl\/wp-json\/wp\/v2\/product\/70479\/revisions\/72767"}],"wp:featuredmedia":[{"embeddable":true,"href":"https:\/\/mixmediastore.com\/nl\/wp-json\/wp\/v2\/media\/70485"}],"wp:attachment":[{"href":"https:\/\/mixmediastore.com\/nl\/wp-json\/wp\/v2\/media?parent=70479"}],"wp:term":[{"taxonomy":"product_brand","embeddable":true,"href":"https:\/\/mixmediastore.com\/nl\/wp-json\/wp\/v2\/product_brand?post=70479"},{"taxonomy":"product_cat","embeddable":true,"href":"https:\/\/mixmediastore.com\/nl\/wp-json\/wp\/v2\/product_cat?post=70479"},{"taxonomy":"product_tag","embeddable":true,"href":"https:\/\/mixmediastore.com\/nl\/wp-json\/wp\/v2\/product_tag?post=70479"}],"curies":[{"name":"wp","href":"https:\/\/api.w.org\/{rel}","templated":true}]}}