{"id":32805,"date":"2014-04-10T00:00:00","date_gmt":"2014-04-09T22:00:00","guid":{"rendered":"https:\/\/www.mixmediastore.com\/product\/modellbahn-kurier-44-2\/"},"modified":"2021-08-17T13:02:39","modified_gmt":"2021-08-17T11:02:39","slug":"modellbahn-kurier-44","status":"publish","type":"product","link":"https:\/\/mixmediastore.com\/en\/shop-2\/uncategorized-en\/modellbahn-kurier-44\/","title":{"rendered":"Modellbahn-Kurier 44"},"content":{"rendered":"<p><strong>Modellbahn-Kurier 44<\/strong><\/p>\n<p id=\"productTitle\"><strong>Stadt, Land, Fluss<\/strong><\/p>\n<div>Anlagenbau und -gestaltung geh\u00f6ren zu den sch\u00f6nsten Seiten des Hobbys. Wir stellen zw\u00f6lf Bauprojekte zu h\u00f6chst unterschiedlichen Themen vor \u2013 vom Gleisbau \u00fcber die Stra\u00dfen- und Landschaftsgestaltung, Geb\u00e4ude und Br\u00fcckenbauwerke bis zu Detailgestaltung und Alterung.<\/div>\n<div><\/div>\n<div>Verschiedene Autoren schildern ihre Baumethoden und bevorzugten Baumaterialien, dazu geben sie zahlreiche Tipps aus ihrer langj\u00e4hrigen Modellbahnpraxis.<\/div>\n<div><\/div>\n<div><strong>Modellbahn-Kurier 44<\/strong><\/div>\n","protected":false},"excerpt":{"rendered":"<p>Anlagenbau und -gestaltung geh\u00f6ren zu den sch\u00f6nsten Seiten des Hobbys. Wir stellen zw\u00f6lf Bauprojekte zu h\u00f6chst unterschiedlichen Themen vor \u2013 vom Gleisbau \u00fcber die Stra\u00dfen- und Landschaftsgestaltung, Geb\u00e4ude und Br\u00fcckenbauwerke bis zu Detailgestaltung und Alterung.<\/p>\n","protected":false},"featured_media":0,"comment_status":"open","ping_status":"closed","template":"","meta":{"site-sidebar-layout":"default","site-content-layout":"default","ast-site-content-layout":"default","site-content-style":"default","site-sidebar-style":"default","ast-global-header-display":"","ast-banner-title-visibility":"","ast-main-header-display":"","ast-hfb-above-header-display":"","ast-hfb-below-header-display":"","ast-hfb-mobile-header-display":"","site-post-title":"","ast-breadcrumbs-content":"","ast-featured-img":"","footer-sml-layout":"","ast-disable-related-posts":"","theme-transparent-header-meta":"default","adv-header-id-meta":"","stick-header-meta":"default","header-above-stick-meta":"","header-main-stick-meta":"","header-below-stick-meta":"","astra-migrate-meta-layouts":"default","ast-page-background-enabled":"default","ast-page-background-meta":{"desktop":{"background-color":"var(--ast-global-color-5)","background-image":"","background-repeat":"repeat","background-position":"center center","background-size":"auto","background-attachment":"scroll","background-type":"","background-media":"","overlay-type":"","overlay-color":"","overlay-opacity":"","overlay-gradient":""},"tablet":{"background-color":"","background-image":"","background-repeat":"repeat","background-position":"center center","background-size":"auto","background-attachment":"scroll","background-type":"","background-media":"","overlay-type":"","overlay-color":"","overlay-opacity":"","overlay-gradient":""},"mobile":{"background-color":"","background-image":"","background-repeat":"repeat","background-position":"center center","background-size":"auto","background-attachment":"scroll","background-type":"","background-media":"","overlay-type":"","overlay-color":"","overlay-opacity":"","overlay-gradient":""}},"ast-content-background-meta":{"desktop":{"background-color":"var(--ast-global-color-4)","background-image":"","background-repeat":"repeat","background-position":"center center","background-size":"auto","background-attachment":"scroll","background-type":"","background-media":"","overlay-type":"","overlay-color":"","overlay-opacity":"","overlay-gradient":""},"tablet":{"background-color":"var(--ast-global-color-4)","background-image":"","background-repeat":"repeat","background-position":"center center","background-size":"auto","background-attachment":"scroll","background-type":"","background-media":"","overlay-type":"","overlay-color":"","overlay-opacity":"","overlay-gradient":""},"mobile":{"background-color":"var(--ast-global-color-4)","background-image":"","background-repeat":"repeat","background-position":"center center","background-size":"auto","background-attachment":"scroll","background-type":"","background-media":"","overlay-type":"","overlay-color":"","overlay-opacity":"","overlay-gradient":""}}},"product_brand":[],"product_cat":[15],"product_tag":[],"class_list":{"0":"post-32805","1":"product","2":"type-product","3":"status-publish","5":"product_cat-uncategorized","6":"desktop-align-left","7":"tablet-align-left","8":"mobile-align-left","9":"ast-product-gallery-layout-horizontal-slider","10":"ast-product-gallery-with-no-image","11":"ast-magnify-disabled","12":"ast-product-tabs-layout-horizontal","14":"first","15":"instock","16":"sale","17":"taxable","18":"shipping-taxable","19":"purchasable","20":"product-type-simple"},"yoast_head":"<!-- This site is optimized with the Yoast SEO Premium plugin v26.2 (Yoast SEO v27.2) - https:\/\/yoast.com\/product\/yoast-seo-premium-wordpress\/ -->\n<title>Modellbahn-Kurier 44 - Mixmediastore Your Trainstore<\/title>\n<meta name=\"description\" content=\"Modellbahn-Kurier 44 - Anlagenbau und -gestaltung geh\u00f6ren zu den sch\u00f6nsten Seiten des Hobbys - Tipps aus ihrer langj\u00e4hrigen Modellbahnpraxis\" \/>\n<meta name=\"robots\" content=\"index, follow, max-snippet:-1, max-image-preview:large, max-video-preview:-1\" \/>\n<link rel=\"canonical\" href=\"https:\/\/mixmediastore.com\/en\/shop-2\/uncategorized-en\/modellbahn-kurier-44\/\" \/>\n<meta property=\"og:locale\" content=\"en_US\" \/>\n<meta property=\"og:type\" content=\"article\" \/>\n<meta property=\"og:title\" content=\"Modellbahn-Kurier 44\" \/>\n<meta property=\"og:description\" content=\"Modellbahn-Kurier 44 - Anlagenbau und -gestaltung geh\u00f6ren zu den sch\u00f6nsten Seiten des Hobbys - Tipps aus ihrer langj\u00e4hrigen Modellbahnpraxis\" \/>\n<meta property=\"og:url\" content=\"https:\/\/mixmediastore.com\/en\/shop-2\/uncategorized-en\/modellbahn-kurier-44\/\" \/>\n<meta property=\"og:site_name\" content=\"Mixmediastore Your Trainstore\" \/>\n<meta property=\"article:publisher\" content=\"https:\/\/www.facebook.com\/mixmediastore\/\" \/>\n<meta property=\"article:modified_time\" content=\"2021-08-17T11:02:39+00:00\" \/>\n<meta name=\"twitter:card\" content=\"summary_large_image\" \/>\n<meta name=\"twitter:label1\" content=\"Price\" \/>\n\t<meta name=\"twitter:data1\" content=\"&euro;&nbsp;5,00\" \/>\n\t<meta name=\"twitter:label2\" content=\"Availability\" \/>\n\t<meta name=\"twitter:data2\" content=\"In stock\" \/>\n<script type=\"application\/ld+json\" class=\"yoast-schema-graph\">{\"@context\":\"https:\/\/schema.org\",\"@graph\":[{\"@type\":\"WebPage\",\"@id\":\"https:\/\/mixmediastore.com\/en\/shop-2\/uncategorized-en\/modellbahn-kurier-44\/\",\"url\":\"https:\/\/mixmediastore.com\/en\/shop-2\/uncategorized-en\/modellbahn-kurier-44\/\",\"name\":\"Modellbahn-Kurier 44 - Mixmediastore Your Trainstore\",\"isPartOf\":{\"@id\":\"https:\/\/mixmediastore.com\/en\/#website\"},\"datePublished\":\"2014-04-09T22:00:00+00:00\",\"dateModified\":\"2021-08-17T11:02:39+00:00\",\"description\":\"Modellbahn-Kurier 44 - Anlagenbau und -gestaltung geh\u00f6ren zu den sch\u00f6nsten Seiten des Hobbys - Tipps aus ihrer langj\u00e4hrigen Modellbahnpraxis\",\"breadcrumb\":{\"@id\":\"https:\/\/mixmediastore.com\/en\/shop-2\/uncategorized-en\/modellbahn-kurier-44\/#breadcrumb\"},\"inLanguage\":\"en-US\",\"potentialAction\":[{\"@type\":\"ReadAction\",\"target\":[\"https:\/\/mixmediastore.com\/en\/shop-2\/uncategorized-en\/modellbahn-kurier-44\/\"]}]},{\"@type\":\"BreadcrumbList\",\"@id\":\"https:\/\/mixmediastore.com\/en\/shop-2\/uncategorized-en\/modellbahn-kurier-44\/#breadcrumb\",\"itemListElement\":[{\"@type\":\"ListItem\",\"position\":1,\"name\":\"Trainstore\",\"item\":\"https:\/\/mixmediastore.com\/en\/\"},{\"@type\":\"ListItem\",\"position\":2,\"name\":\"Shop\",\"item\":\"https:\/\/mixmediastore.com\/en\/shop\/\"},{\"@type\":\"ListItem\",\"position\":3,\"name\":\"Uncategorized\",\"item\":\"https:\/\/mixmediastore.com\/en\/product-categorie\/uncategorized-en\/\"},{\"@type\":\"ListItem\",\"position\":4,\"name\":\"Modellbahn-Kurier 44\"}]},{\"@type\":\"WebSite\",\"@id\":\"https:\/\/mixmediastore.com\/en\/#website\",\"url\":\"https:\/\/mixmediastore.com\/en\/\",\"name\":\"Mixmediastore Your Trainstore\",\"description\":\"\",\"publisher\":{\"@id\":\"https:\/\/mixmediastore.com\/en\/#organization\"},\"alternateName\":\"Your Trainstore\",\"potentialAction\":[{\"@type\":\"SearchAction\",\"target\":{\"@type\":\"EntryPoint\",\"urlTemplate\":\"https:\/\/mixmediastore.com\/en\/?s={search_term_string}\"},\"query-input\":{\"@type\":\"PropertyValueSpecification\",\"valueRequired\":true,\"valueName\":\"search_term_string\"}}],\"inLanguage\":\"en-US\"},{\"@type\":\"Organization\",\"@id\":\"https:\/\/mixmediastore.com\/en\/#organization\",\"name\":\"Mixmediastore Your Trainstore\",\"alternateName\":\"Your Trainstore\",\"url\":\"https:\/\/mixmediastore.com\/en\/\",\"logo\":{\"@type\":\"ImageObject\",\"inLanguage\":\"en-US\",\"@id\":\"https:\/\/mixmediastore.com\/en\/#\/schema\/logo\/image\/\",\"url\":\"https:\/\/mixmediastore.com\/wp-content\/uploads\/logo-your-trainstore300x300_72px-1.jpg\",\"contentUrl\":\"https:\/\/mixmediastore.com\/wp-content\/uploads\/logo-your-trainstore300x300_72px-1.jpg\",\"width\":300,\"height\":300,\"caption\":\"Mixmediastore Your Trainstore\"},\"image\":{\"@id\":\"https:\/\/mixmediastore.com\/en\/#\/schema\/logo\/image\/\"},\"sameAs\":[\"https:\/\/www.facebook.com\/mixmediastore\/\",\"https:\/\/www.instagram.com\/beeldproducties.nl\/\",\"https:\/\/www.youtube.com\/user\/yourtrainstore\"],\"description\":\"In our webshop you will find the largest collection of books, magazines, DVDs\/Blu-rays and calendars about railways, trains, trams and buses. Railways also in model are our specialty. With us you will find subjects from the Netherlands and abroad.\",\"email\":\"info@mixmediastore.com\",\"telephone\":\"0031 (0) 71 5818181\",\"legalName\":\"van den Burg beeldproducties\",\"foundingDate\":\"1995-03-13\",\"vatID\":\"NL003273486B24\",\"numberOfEmployees\":{\"@type\":\"QuantitativeValue\",\"minValue\":\"1\",\"maxValue\":\"10\"}}]}<\/script>\n<meta property=\"product:brand\" content=\"simple\" \/>\n<meta property=\"product:price:amount\" content=\"5.00\" \/>\n<meta property=\"product:price:currency\" content=\"EUR\" \/>\n<meta property=\"og:availability\" content=\"instock\" \/>\n<meta property=\"product:availability\" content=\"instock\" \/>\n<meta property=\"product:retailer_item_id\" content=\"EK1744\" \/>\n<meta property=\"product:condition\" content=\"new\" \/>\n<!-- \/ Yoast SEO Premium plugin. -->","yoast_head_json":{"title":"Modellbahn-Kurier 44 - Mixmediastore Your Trainstore","description":"Modellbahn-Kurier 44 - Anlagenbau und -gestaltung geh\u00f6ren zu den sch\u00f6nsten Seiten des Hobbys - Tipps aus ihrer langj\u00e4hrigen Modellbahnpraxis","robots":{"index":"index","follow":"follow","max-snippet":"max-snippet:-1","max-image-preview":"max-image-preview:large","max-video-preview":"max-video-preview:-1"},"canonical":"https:\/\/mixmediastore.com\/en\/shop-2\/uncategorized-en\/modellbahn-kurier-44\/","og_locale":"en_US","og_type":"article","og_title":"Modellbahn-Kurier 44","og_description":"Modellbahn-Kurier 44 - Anlagenbau und -gestaltung geh\u00f6ren zu den sch\u00f6nsten Seiten des Hobbys - Tipps aus ihrer langj\u00e4hrigen Modellbahnpraxis","og_url":"https:\/\/mixmediastore.com\/en\/shop-2\/uncategorized-en\/modellbahn-kurier-44\/","og_site_name":"Mixmediastore Your Trainstore","article_publisher":"https:\/\/www.facebook.com\/mixmediastore\/","article_modified_time":"2021-08-17T11:02:39+00:00","twitter_card":"summary_large_image","twitter_misc":{"Price":"&euro;&nbsp;5,00","Availability":"In stock"},"schema":{"@context":"https:\/\/schema.org","@graph":[{"@type":"WebPage","@id":"https:\/\/mixmediastore.com\/en\/shop-2\/uncategorized-en\/modellbahn-kurier-44\/","url":"https:\/\/mixmediastore.com\/en\/shop-2\/uncategorized-en\/modellbahn-kurier-44\/","name":"Modellbahn-Kurier 44 - Mixmediastore Your Trainstore","isPartOf":{"@id":"https:\/\/mixmediastore.com\/en\/#website"},"datePublished":"2014-04-09T22:00:00+00:00","dateModified":"2021-08-17T11:02:39+00:00","description":"Modellbahn-Kurier 44 - Anlagenbau und -gestaltung geh\u00f6ren zu den sch\u00f6nsten Seiten des Hobbys - Tipps aus ihrer langj\u00e4hrigen Modellbahnpraxis","breadcrumb":{"@id":"https:\/\/mixmediastore.com\/en\/shop-2\/uncategorized-en\/modellbahn-kurier-44\/#breadcrumb"},"inLanguage":"en-US","potentialAction":[{"@type":"ReadAction","target":["https:\/\/mixmediastore.com\/en\/shop-2\/uncategorized-en\/modellbahn-kurier-44\/"]}]},{"@type":"BreadcrumbList","@id":"https:\/\/mixmediastore.com\/en\/shop-2\/uncategorized-en\/modellbahn-kurier-44\/#breadcrumb","itemListElement":[{"@type":"ListItem","position":1,"name":"Trainstore","item":"https:\/\/mixmediastore.com\/en\/"},{"@type":"ListItem","position":2,"name":"Shop","item":"https:\/\/mixmediastore.com\/en\/shop\/"},{"@type":"ListItem","position":3,"name":"Uncategorized","item":"https:\/\/mixmediastore.com\/en\/product-categorie\/uncategorized-en\/"},{"@type":"ListItem","position":4,"name":"Modellbahn-Kurier 44"}]},{"@type":"WebSite","@id":"https:\/\/mixmediastore.com\/en\/#website","url":"https:\/\/mixmediastore.com\/en\/","name":"Mixmediastore Your Trainstore","description":"","publisher":{"@id":"https:\/\/mixmediastore.com\/en\/#organization"},"alternateName":"Your Trainstore","potentialAction":[{"@type":"SearchAction","target":{"@type":"EntryPoint","urlTemplate":"https:\/\/mixmediastore.com\/en\/?s={search_term_string}"},"query-input":{"@type":"PropertyValueSpecification","valueRequired":true,"valueName":"search_term_string"}}],"inLanguage":"en-US"},{"@type":"Organization","@id":"https:\/\/mixmediastore.com\/en\/#organization","name":"Mixmediastore Your Trainstore","alternateName":"Your Trainstore","url":"https:\/\/mixmediastore.com\/en\/","logo":{"@type":"ImageObject","inLanguage":"en-US","@id":"https:\/\/mixmediastore.com\/en\/#\/schema\/logo\/image\/","url":"https:\/\/mixmediastore.com\/wp-content\/uploads\/logo-your-trainstore300x300_72px-1.jpg","contentUrl":"https:\/\/mixmediastore.com\/wp-content\/uploads\/logo-your-trainstore300x300_72px-1.jpg","width":300,"height":300,"caption":"Mixmediastore Your Trainstore"},"image":{"@id":"https:\/\/mixmediastore.com\/en\/#\/schema\/logo\/image\/"},"sameAs":["https:\/\/www.facebook.com\/mixmediastore\/","https:\/\/www.instagram.com\/beeldproducties.nl\/","https:\/\/www.youtube.com\/user\/yourtrainstore"],"description":"In our webshop you will find the largest collection of books, magazines, DVDs\/Blu-rays and calendars about railways, trains, trams and buses. Railways also in model are our specialty. With us you will find subjects from the Netherlands and abroad.","email":"info@mixmediastore.com","telephone":"0031 (0) 71 5818181","legalName":"van den Burg beeldproducties","foundingDate":"1995-03-13","vatID":"NL003273486B24","numberOfEmployees":{"@type":"QuantitativeValue","minValue":"1","maxValue":"10"}}]},"product_brand":"simple","product_price_amount":"5.00","product_price_currency":"EUR","og_availability":"instock","product_availability":"instock","product_retailer_item_id":"EK1744","product_condition":"new"},"_links":{"self":[{"href":"https:\/\/mixmediastore.com\/en\/wp-json\/wp\/v2\/product\/32805","targetHints":{"allow":["GET"]}}],"collection":[{"href":"https:\/\/mixmediastore.com\/en\/wp-json\/wp\/v2\/product"}],"about":[{"href":"https:\/\/mixmediastore.com\/en\/wp-json\/wp\/v2\/types\/product"}],"replies":[{"embeddable":true,"href":"https:\/\/mixmediastore.com\/en\/wp-json\/wp\/v2\/comments?post=32805"}],"version-history":[{"count":2,"href":"https:\/\/mixmediastore.com\/en\/wp-json\/wp\/v2\/product\/32805\/revisions"}],"predecessor-version":[{"id":32811,"href":"https:\/\/mixmediastore.com\/en\/wp-json\/wp\/v2\/product\/32805\/revisions\/32811"}],"wp:attachment":[{"href":"https:\/\/mixmediastore.com\/en\/wp-json\/wp\/v2\/media?parent=32805"}],"wp:term":[{"taxonomy":"product_brand","embeddable":true,"href":"https:\/\/mixmediastore.com\/en\/wp-json\/wp\/v2\/product_brand?post=32805"},{"taxonomy":"product_cat","embeddable":true,"href":"https:\/\/mixmediastore.com\/en\/wp-json\/wp\/v2\/product_cat?post=32805"},{"taxonomy":"product_tag","embeddable":true,"href":"https:\/\/mixmediastore.com\/en\/wp-json\/wp\/v2\/product_tag?post=32805"}],"curies":[{"name":"wp","href":"https:\/\/api.w.org\/{rel}","templated":true}]}}