{"id":71604,"date":"2025-02-06T14:36:00","date_gmt":"2025-02-06T13:36:00","guid":{"rendered":"https:\/\/mixmediastore.com\/product\/feldbahnen-2026\/"},"modified":"2025-10-17T14:09:47","modified_gmt":"2025-10-17T12:09:47","slug":"feldbahnen-2026","status":"publish","type":"product","link":"https:\/\/mixmediastore.com\/de\/shop-2\/eisenbahnkalender-2024\/eisenbahn-kurier-kalenders\/feldbahnen-de\/feldbahnen-2026\/","title":{"rendered":"Feldbahnen 2026"},"content":{"rendered":"<p id=\"productTitle\"><strong>Feldbahnen 2026<\/strong><\/p>\n<p>Gro\u00dfe Helfer auf kleiner Spur! Mit einer Spurweite von nur 600 mm geh\u00f6ren die Feldbahnen zu den kleinsten Eisenbahnen. Im Bergbau, in der Industrie, im \u00f6ffentlichen Verkehr und in vielen anderen Einsatzgebieten sind sie immer noch weltweit unterwegs. Wir zeigen die kleinen, quirligen Bahnen sowohl im aktiven wie auch im Museumsbetrieb.<\/p>\n<p class=\"Normal tm5 tm7\">13 farbige Kalenderbl\u00e4tter auf Kunstdruckpapier mit insgesamt 12 Abbildungen<br \/>\nGro\u00dfformat: 480 x 300 mm<br \/>\nSpiralbindung<\/p>\n<p><strong>Feldbahnen 2026<\/strong><\/p>\n","protected":false},"excerpt":{"rendered":"<p>Endlose Z\u00fcge, atemberaubende Panoramen und grandiose Landschaften! Ein Streifzug durch die faszinierende Welt Nordamerikas. Ein echter Leckerbissen f\u00fcr die Fans der nordamerikanischen Eisenbahn.<\/p>\n","protected":false},"featured_media":68949,"comment_status":"closed","ping_status":"closed","template":"","meta":{"site-sidebar-layout":"default","site-content-layout":"default","ast-site-content-layout":"default","site-content-style":"default","site-sidebar-style":"default","ast-global-header-display":"","ast-banner-title-visibility":"","ast-main-header-display":"","ast-hfb-above-header-display":"","ast-hfb-below-header-display":"","ast-hfb-mobile-header-display":"","site-post-title":"","ast-breadcrumbs-content":"","ast-featured-img":"","footer-sml-layout":"","ast-disable-related-posts":"","theme-transparent-header-meta":"default","adv-header-id-meta":"","stick-header-meta":"default","header-above-stick-meta":"","header-main-stick-meta":"","header-below-stick-meta":"","astra-migrate-meta-layouts":"default","ast-page-background-enabled":"default","ast-page-background-meta":{"desktop":{"background-color":"var(--ast-global-color-5)","background-image":"","background-repeat":"repeat","background-position":"center center","background-size":"auto","background-attachment":"scroll","background-type":"","background-media":"","overlay-type":"","overlay-color":"","overlay-opacity":"","overlay-gradient":""},"tablet":{"background-color":"","background-image":"","background-repeat":"repeat","background-position":"center center","background-size":"auto","background-attachment":"scroll","background-type":"","background-media":"","overlay-type":"","overlay-color":"","overlay-opacity":"","overlay-gradient":""},"mobile":{"background-color":"","background-image":"","background-repeat":"repeat","background-position":"center center","background-size":"auto","background-attachment":"scroll","background-type":"","background-media":"","overlay-type":"","overlay-color":"","overlay-opacity":"","overlay-gradient":""}},"ast-content-background-meta":{"desktop":{"background-color":"var(--ast-global-color-4)","background-image":"","background-repeat":"repeat","background-position":"center center","background-size":"auto","background-attachment":"scroll","background-type":"","background-media":"","overlay-type":"","overlay-color":"","overlay-opacity":"","overlay-gradient":""},"tablet":{"background-color":"var(--ast-global-color-4)","background-image":"","background-repeat":"repeat","background-position":"center center","background-size":"auto","background-attachment":"scroll","background-type":"","background-media":"","overlay-type":"","overlay-color":"","overlay-opacity":"","overlay-gradient":""},"mobile":{"background-color":"var(--ast-global-color-4)","background-image":"","background-repeat":"repeat","background-position":"center center","background-size":"auto","background-attachment":"scroll","background-type":"","background-media":"","overlay-type":"","overlay-color":"","overlay-opacity":"","overlay-gradient":""}}},"product_brand":[16535],"product_cat":[16624,16670],"product_tag":[16625,13511],"class_list":{"0":"post-71604","1":"product","2":"type-product","3":"status-publish","4":"has-post-thumbnail","6":"product_brand-eisenbahn-kurier","7":"product_cat-feldbahnen-de","8":"product_cat-formaat-48-x-30-cm-de","9":"product_tag-feldbahnen-de","10":"product_tag-kalender-de","11":"product_shipping_class-kalenders-groot","12":"pa_bindwijze-ringmappe","13":"pa_product-kalender-de","14":"pa_series-ek-kalender-de","15":"pa_taal-deutsch","16":"pa_uitgever-producent-ek-verlag-de","17":"desktop-align-left","18":"tablet-align-left","19":"mobile-align-left","20":"ast-product-gallery-layout-horizontal-slider","21":"ast-magnify-disabled","22":"ast-product-tabs-layout-horizontal","24":"first","25":"outofstock","26":"taxable","27":"shipping-taxable","28":"purchasable","29":"product-type-simple"},"yoast_head":"<!-- This site is optimized with the Yoast SEO Premium plugin v26.2 (Yoast SEO v27.2) - https:\/\/yoast.com\/product\/yoast-seo-premium-wordpress\/ -->\n<title>Glacier Express 2026 - Mixmediastore<\/title>\n<meta name=\"description\" content=\"Glacier Express 2026 - 13. Farbenfrohe Kalenderbl\u00e4tter auf Kunstdruckpapier mit beiliegenden 12 Zeichnungen. Gro\u00dfformat: 480 x 300 mm - Spiralbindung\" \/>\n<meta name=\"robots\" content=\"index, follow, max-snippet:-1, max-image-preview:large, max-video-preview:-1\" \/>\n<link rel=\"canonical\" href=\"https:\/\/mixmediastore.com\/de\/shop-2\/eisenbahnkalender-2024\/eisenbahn-kurier-kalenders\/feldbahnen-de\/feldbahnen-2026\/\" \/>\n<meta property=\"og:locale\" content=\"de_DE\" \/>\n<meta property=\"og:type\" content=\"article\" \/>\n<meta property=\"og:title\" content=\"Feldbahnen 2026\" \/>\n<meta property=\"og:description\" content=\"Glacier Express 2026 - 13. Farbenfrohe Kalenderbl\u00e4tter auf Kunstdruckpapier mit beiliegenden 12 Zeichnungen. Gro\u00dfformat: 480 x 300 mm - Spiralbindung\" \/>\n<meta property=\"og:url\" content=\"https:\/\/mixmediastore.com\/de\/shop-2\/eisenbahnkalender-2024\/eisenbahn-kurier-kalenders\/feldbahnen-de\/feldbahnen-2026\/\" \/>\n<meta property=\"og:site_name\" content=\"Mixmediastore Your Trainstore\" \/>\n<meta property=\"article:publisher\" content=\"https:\/\/www.facebook.com\/mixmediastore\/\" \/>\n<meta property=\"article:modified_time\" content=\"2025-10-17T12:09:47+00:00\" \/>\n<meta property=\"og:image\" content=\"https:\/\/mixmediastore.com\/wp-content\/uploads\/5959-1000.png\" \/>\n\t<meta property=\"og:image:width\" content=\"591\" \/>\n\t<meta property=\"og:image:height\" content=\"591\" \/>\n\t<meta property=\"og:image:type\" content=\"image\/png\" \/>\n<meta name=\"twitter:card\" content=\"summary_large_image\" \/>\n<meta name=\"twitter:label1\" content=\"Preis\" \/>\n\t<meta name=\"twitter:data1\" content=\"&euro;&nbsp;17,95\" \/>\n\t<meta name=\"twitter:label2\" content=\"Verf\u00fcgbarkeit\" \/>\n\t<meta name=\"twitter:data2\" content=\"ausverkauft\" \/>\n<script type=\"application\/ld+json\" class=\"yoast-schema-graph\">{\"@context\":\"https:\/\/schema.org\",\"@graph\":[{\"@type\":\"WebPage\",\"@id\":\"https:\/\/mixmediastore.com\/de\/shop-2\/eisenbahnkalender-2024\/eisenbahn-kurier-kalenders\/feldbahnen-de\/feldbahnen-2026\/\",\"url\":\"https:\/\/mixmediastore.com\/de\/shop-2\/eisenbahnkalender-2024\/eisenbahn-kurier-kalenders\/feldbahnen-de\/feldbahnen-2026\/\",\"name\":\"Glacier Express 2026 - Mixmediastore\",\"isPartOf\":{\"@id\":\"https:\/\/mixmediastore.com\/de\/#website\"},\"primaryImageOfPage\":{\"@id\":\"https:\/\/mixmediastore.com\/de\/shop-2\/eisenbahnkalender-2024\/eisenbahn-kurier-kalenders\/feldbahnen-de\/feldbahnen-2026\/#primaryimage\"},\"image\":{\"@id\":\"https:\/\/mixmediastore.com\/de\/shop-2\/eisenbahnkalender-2024\/eisenbahn-kurier-kalenders\/feldbahnen-de\/feldbahnen-2026\/#primaryimage\"},\"thumbnailUrl\":\"https:\/\/mixmediastore.com\/wp-content\/uploads\/5959-1000.png\",\"datePublished\":\"2025-02-06T13:36:00+00:00\",\"dateModified\":\"2025-10-17T12:09:47+00:00\",\"description\":\"Glacier Express 2026 - 13. Farbenfrohe Kalenderbl\u00e4tter auf Kunstdruckpapier mit beiliegenden 12 Zeichnungen. Gro\u00dfformat: 480 x 300 mm - Spiralbindung\",\"breadcrumb\":{\"@id\":\"https:\/\/mixmediastore.com\/de\/shop-2\/eisenbahnkalender-2024\/eisenbahn-kurier-kalenders\/feldbahnen-de\/feldbahnen-2026\/#breadcrumb\"},\"inLanguage\":\"de\",\"potentialAction\":[{\"@type\":\"ReadAction\",\"target\":[\"https:\/\/mixmediastore.com\/de\/shop-2\/eisenbahnkalender-2024\/eisenbahn-kurier-kalenders\/feldbahnen-de\/feldbahnen-2026\/\"]}]},{\"@type\":\"ImageObject\",\"inLanguage\":\"de\",\"@id\":\"https:\/\/mixmediastore.com\/de\/shop-2\/eisenbahnkalender-2024\/eisenbahn-kurier-kalenders\/feldbahnen-de\/feldbahnen-2026\/#primaryimage\",\"url\":\"https:\/\/mixmediastore.com\/wp-content\/uploads\/5959-1000.png\",\"contentUrl\":\"https:\/\/mixmediastore.com\/wp-content\/uploads\/5959-1000.png\",\"width\":591,\"height\":591,\"caption\":\"Feldbahnen 2026\"},{\"@type\":\"BreadcrumbList\",\"@id\":\"https:\/\/mixmediastore.com\/de\/shop-2\/eisenbahnkalender-2024\/eisenbahn-kurier-kalenders\/feldbahnen-de\/feldbahnen-2026\/#breadcrumb\",\"itemListElement\":[{\"@type\":\"ListItem\",\"position\":1,\"name\":\"Trainstore\",\"item\":\"https:\/\/mixmediastore.com\/de\/\"},{\"@type\":\"ListItem\",\"position\":2,\"name\":\"Gesch\u00e4ft\",\"item\":\"https:\/\/mixmediastore.com\/de\/geschaeft\/\"},{\"@type\":\"ListItem\",\"position\":3,\"name\":\"Eisenbahnkalender 2024\",\"item\":\"https:\/\/mixmediastore.com\/de\/product-kategorie\/eisenbahnkalender-2024\/\"},{\"@type\":\"ListItem\",\"position\":4,\"name\":\"Eisenbahn Kurier Kalenders\",\"item\":\"https:\/\/mixmediastore.com\/de\/product-kategorie\/eisenbahnkalender-2024\/eisenbahn-kurier-kalenders\/\"},{\"@type\":\"ListItem\",\"position\":5,\"name\":\"Feldbahnen\",\"item\":\"https:\/\/mixmediastore.com\/de\/product-kategorie\/eisenbahnkalender-2024\/eisenbahn-kurier-kalenders\/feldbahnen-de\/\"},{\"@type\":\"ListItem\",\"position\":6,\"name\":\"Feldbahnen 2026\"}]},{\"@type\":\"WebSite\",\"@id\":\"https:\/\/mixmediastore.com\/de\/#website\",\"url\":\"https:\/\/mixmediastore.com\/de\/\",\"name\":\"Mixmediastore Your Trainstore\",\"description\":\"\",\"publisher\":{\"@id\":\"https:\/\/mixmediastore.com\/de\/#organization\"},\"alternateName\":\"Your Trainstore\",\"potentialAction\":[{\"@type\":\"SearchAction\",\"target\":{\"@type\":\"EntryPoint\",\"urlTemplate\":\"https:\/\/mixmediastore.com\/de\/?s={search_term_string}\"},\"query-input\":{\"@type\":\"PropertyValueSpecification\",\"valueRequired\":true,\"valueName\":\"search_term_string\"}}],\"inLanguage\":\"de\"},{\"@type\":\"Organization\",\"@id\":\"https:\/\/mixmediastore.com\/de\/#organization\",\"name\":\"Mixmediastore Your Trainstore\",\"alternateName\":\"Your Trainstore\",\"url\":\"https:\/\/mixmediastore.com\/de\/\",\"logo\":{\"@type\":\"ImageObject\",\"inLanguage\":\"de\",\"@id\":\"https:\/\/mixmediastore.com\/de\/#\/schema\/logo\/image\/\",\"url\":\"https:\/\/mixmediastore.com\/wp-content\/uploads\/logo-your-trainstore300x300_72px-1.jpg\",\"contentUrl\":\"https:\/\/mixmediastore.com\/wp-content\/uploads\/logo-your-trainstore300x300_72px-1.jpg\",\"width\":300,\"height\":300,\"caption\":\"Mixmediastore Your Trainstore\"},\"image\":{\"@id\":\"https:\/\/mixmediastore.com\/de\/#\/schema\/logo\/image\/\"},\"sameAs\":[\"https:\/\/www.facebook.com\/mixmediastore\/\",\"https:\/\/www.instagram.com\/beeldproducties.nl\/\",\"https:\/\/www.youtube.com\/user\/yourtrainstore\"],\"description\":\"In our webshop you will find the largest collection of books, magazines, DVDs\/Blu-rays and calendars about railways, trains, trams and buses. Railways also in model are our specialty. With us you will find subjects from the Netherlands and abroad.\",\"email\":\"info@mixmediastore.com\",\"telephone\":\"0031 (0) 71 5818181\",\"legalName\":\"van den Burg beeldproducties\",\"foundingDate\":\"1995-03-13\",\"vatID\":\"NL003273486B24\",\"numberOfEmployees\":{\"@type\":\"QuantitativeValue\",\"minValue\":\"1\",\"maxValue\":\"10\"}}]}<\/script>\n<meta property=\"product:brand\" content=\"simple\" \/>\n<meta property=\"product:price:amount\" content=\"17.95\" \/>\n<meta property=\"product:price:currency\" content=\"EUR\" \/>\n<meta property=\"og:availability\" content=\"out of stock\" \/>\n<meta property=\"product:availability\" content=\"out of stock\" \/>\n<meta property=\"product:retailer_item_id\" content=\"EK5959\" \/>\n<meta property=\"product:condition\" content=\"new\" \/>\n<!-- \/ Yoast SEO Premium plugin. -->","yoast_head_json":{"title":"Glacier Express 2026 - Mixmediastore","description":"Glacier Express 2026 - 13. Farbenfrohe Kalenderbl\u00e4tter auf Kunstdruckpapier mit beiliegenden 12 Zeichnungen. Gro\u00dfformat: 480 x 300 mm - Spiralbindung","robots":{"index":"index","follow":"follow","max-snippet":"max-snippet:-1","max-image-preview":"max-image-preview:large","max-video-preview":"max-video-preview:-1"},"canonical":"https:\/\/mixmediastore.com\/de\/shop-2\/eisenbahnkalender-2024\/eisenbahn-kurier-kalenders\/feldbahnen-de\/feldbahnen-2026\/","og_locale":"de_DE","og_type":"article","og_title":"Feldbahnen 2026","og_description":"Glacier Express 2026 - 13. Farbenfrohe Kalenderbl\u00e4tter auf Kunstdruckpapier mit beiliegenden 12 Zeichnungen. Gro\u00dfformat: 480 x 300 mm - Spiralbindung","og_url":"https:\/\/mixmediastore.com\/de\/shop-2\/eisenbahnkalender-2024\/eisenbahn-kurier-kalenders\/feldbahnen-de\/feldbahnen-2026\/","og_site_name":"Mixmediastore Your Trainstore","article_publisher":"https:\/\/www.facebook.com\/mixmediastore\/","article_modified_time":"2025-10-17T12:09:47+00:00","og_image":[{"width":591,"height":591,"url":"https:\/\/mixmediastore.com\/wp-content\/uploads\/5959-1000.png","type":"image\/png"}],"twitter_card":"summary_large_image","twitter_misc":{"Preis":"&euro;&nbsp;17,95","Verf\u00fcgbarkeit":"ausverkauft"},"schema":{"@context":"https:\/\/schema.org","@graph":[{"@type":"WebPage","@id":"https:\/\/mixmediastore.com\/de\/shop-2\/eisenbahnkalender-2024\/eisenbahn-kurier-kalenders\/feldbahnen-de\/feldbahnen-2026\/","url":"https:\/\/mixmediastore.com\/de\/shop-2\/eisenbahnkalender-2024\/eisenbahn-kurier-kalenders\/feldbahnen-de\/feldbahnen-2026\/","name":"Glacier Express 2026 - Mixmediastore","isPartOf":{"@id":"https:\/\/mixmediastore.com\/de\/#website"},"primaryImageOfPage":{"@id":"https:\/\/mixmediastore.com\/de\/shop-2\/eisenbahnkalender-2024\/eisenbahn-kurier-kalenders\/feldbahnen-de\/feldbahnen-2026\/#primaryimage"},"image":{"@id":"https:\/\/mixmediastore.com\/de\/shop-2\/eisenbahnkalender-2024\/eisenbahn-kurier-kalenders\/feldbahnen-de\/feldbahnen-2026\/#primaryimage"},"thumbnailUrl":"https:\/\/mixmediastore.com\/wp-content\/uploads\/5959-1000.png","datePublished":"2025-02-06T13:36:00+00:00","dateModified":"2025-10-17T12:09:47+00:00","description":"Glacier Express 2026 - 13. Farbenfrohe Kalenderbl\u00e4tter auf Kunstdruckpapier mit beiliegenden 12 Zeichnungen. Gro\u00dfformat: 480 x 300 mm - Spiralbindung","breadcrumb":{"@id":"https:\/\/mixmediastore.com\/de\/shop-2\/eisenbahnkalender-2024\/eisenbahn-kurier-kalenders\/feldbahnen-de\/feldbahnen-2026\/#breadcrumb"},"inLanguage":"de","potentialAction":[{"@type":"ReadAction","target":["https:\/\/mixmediastore.com\/de\/shop-2\/eisenbahnkalender-2024\/eisenbahn-kurier-kalenders\/feldbahnen-de\/feldbahnen-2026\/"]}]},{"@type":"ImageObject","inLanguage":"de","@id":"https:\/\/mixmediastore.com\/de\/shop-2\/eisenbahnkalender-2024\/eisenbahn-kurier-kalenders\/feldbahnen-de\/feldbahnen-2026\/#primaryimage","url":"https:\/\/mixmediastore.com\/wp-content\/uploads\/5959-1000.png","contentUrl":"https:\/\/mixmediastore.com\/wp-content\/uploads\/5959-1000.png","width":591,"height":591,"caption":"Feldbahnen 2026"},{"@type":"BreadcrumbList","@id":"https:\/\/mixmediastore.com\/de\/shop-2\/eisenbahnkalender-2024\/eisenbahn-kurier-kalenders\/feldbahnen-de\/feldbahnen-2026\/#breadcrumb","itemListElement":[{"@type":"ListItem","position":1,"name":"Trainstore","item":"https:\/\/mixmediastore.com\/de\/"},{"@type":"ListItem","position":2,"name":"Gesch\u00e4ft","item":"https:\/\/mixmediastore.com\/de\/geschaeft\/"},{"@type":"ListItem","position":3,"name":"Eisenbahnkalender 2024","item":"https:\/\/mixmediastore.com\/de\/product-kategorie\/eisenbahnkalender-2024\/"},{"@type":"ListItem","position":4,"name":"Eisenbahn Kurier Kalenders","item":"https:\/\/mixmediastore.com\/de\/product-kategorie\/eisenbahnkalender-2024\/eisenbahn-kurier-kalenders\/"},{"@type":"ListItem","position":5,"name":"Feldbahnen","item":"https:\/\/mixmediastore.com\/de\/product-kategorie\/eisenbahnkalender-2024\/eisenbahn-kurier-kalenders\/feldbahnen-de\/"},{"@type":"ListItem","position":6,"name":"Feldbahnen 2026"}]},{"@type":"WebSite","@id":"https:\/\/mixmediastore.com\/de\/#website","url":"https:\/\/mixmediastore.com\/de\/","name":"Mixmediastore Your Trainstore","description":"","publisher":{"@id":"https:\/\/mixmediastore.com\/de\/#organization"},"alternateName":"Your Trainstore","potentialAction":[{"@type":"SearchAction","target":{"@type":"EntryPoint","urlTemplate":"https:\/\/mixmediastore.com\/de\/?s={search_term_string}"},"query-input":{"@type":"PropertyValueSpecification","valueRequired":true,"valueName":"search_term_string"}}],"inLanguage":"de"},{"@type":"Organization","@id":"https:\/\/mixmediastore.com\/de\/#organization","name":"Mixmediastore Your Trainstore","alternateName":"Your Trainstore","url":"https:\/\/mixmediastore.com\/de\/","logo":{"@type":"ImageObject","inLanguage":"de","@id":"https:\/\/mixmediastore.com\/de\/#\/schema\/logo\/image\/","url":"https:\/\/mixmediastore.com\/wp-content\/uploads\/logo-your-trainstore300x300_72px-1.jpg","contentUrl":"https:\/\/mixmediastore.com\/wp-content\/uploads\/logo-your-trainstore300x300_72px-1.jpg","width":300,"height":300,"caption":"Mixmediastore Your Trainstore"},"image":{"@id":"https:\/\/mixmediastore.com\/de\/#\/schema\/logo\/image\/"},"sameAs":["https:\/\/www.facebook.com\/mixmediastore\/","https:\/\/www.instagram.com\/beeldproducties.nl\/","https:\/\/www.youtube.com\/user\/yourtrainstore"],"description":"In our webshop you will find the largest collection of books, magazines, DVDs\/Blu-rays and calendars about railways, trains, trams and buses. Railways also in model are our specialty. With us you will find subjects from the Netherlands and abroad.","email":"info@mixmediastore.com","telephone":"0031 (0) 71 5818181","legalName":"van den Burg beeldproducties","foundingDate":"1995-03-13","vatID":"NL003273486B24","numberOfEmployees":{"@type":"QuantitativeValue","minValue":"1","maxValue":"10"}}]},"product_brand":"simple","product_price_amount":"17.95","product_price_currency":"EUR","og_availability":"out of stock","product_availability":"out of stock","product_retailer_item_id":"EK5959","product_condition":"new"},"_links":{"self":[{"href":"https:\/\/mixmediastore.com\/de\/wp-json\/wp\/v2\/product\/71604","targetHints":{"allow":["GET"]}}],"collection":[{"href":"https:\/\/mixmediastore.com\/de\/wp-json\/wp\/v2\/product"}],"about":[{"href":"https:\/\/mixmediastore.com\/de\/wp-json\/wp\/v2\/types\/product"}],"replies":[{"embeddable":true,"href":"https:\/\/mixmediastore.com\/de\/wp-json\/wp\/v2\/comments?post=71604"}],"version-history":[{"count":1,"href":"https:\/\/mixmediastore.com\/de\/wp-json\/wp\/v2\/product\/71604\/revisions"}],"predecessor-version":[{"id":72255,"href":"https:\/\/mixmediastore.com\/de\/wp-json\/wp\/v2\/product\/71604\/revisions\/72255"}],"wp:featuredmedia":[{"embeddable":true,"href":"https:\/\/mixmediastore.com\/de\/wp-json\/wp\/v2\/media\/68949"}],"wp:attachment":[{"href":"https:\/\/mixmediastore.com\/de\/wp-json\/wp\/v2\/media?parent=71604"}],"wp:term":[{"taxonomy":"product_brand","embeddable":true,"href":"https:\/\/mixmediastore.com\/de\/wp-json\/wp\/v2\/product_brand?post=71604"},{"taxonomy":"product_cat","embeddable":true,"href":"https:\/\/mixmediastore.com\/de\/wp-json\/wp\/v2\/product_cat?post=71604"},{"taxonomy":"product_tag","embeddable":true,"href":"https:\/\/mixmediastore.com\/de\/wp-json\/wp\/v2\/product_tag?post=71604"}],"curies":[{"name":"wp","href":"https:\/\/api.w.org\/{rel}","templated":true}]}}