{"id":61943,"date":"2023-12-11T11:10:41","date_gmt":"2023-12-11T10:10:41","guid":{"rendered":"https:\/\/mixmediastore.com\/?post_type=product&#038;p=61943"},"modified":"2025-06-05T13:43:47","modified_gmt":"2025-06-05T11:43:47","slug":"dampflokomotiven-geliebt-und-unvergessen","status":"publish","type":"product","link":"https:\/\/mixmediastore.com\/de\/shop-2\/ihr-trainstore-outlet\/buchhandlung\/dampflokomotiven-geliebt-und-unvergessen\/","title":{"rendered":"Dampflokomotiven &#8211; Geliebt und unvergessen"},"content":{"rendered":"<p class=\"articleName font-4 color-3\"><strong>Dampflokomotiven &#8211; Geliebt und unvergessen<\/strong><\/p>\n<p><span style=\"color: #ff0000;\"><strong>Nog maar \u00e9\u00e9n exemplaar op voorraad. Uitverkocht bij de uitgever<\/strong><\/span><\/p>\n<p>Erinnerung an die letzten H\u00f6hepunkte der gro\u00dfen Epoche der Dampflokomotiven &#8211; Ein wunderbarer Klassiker der Eisenbahnliteratur &#8211; Ein Leseerlebnis f\u00fcr alle Eisenbahn-Enthusiasten &#8211; Mit emotionalem Bildmaterial hervorragend illustriert Karl-Ernst Maedel, der gro\u00dfe Erz\u00e4hler des vergangenen Eisenbahn-Jahrhunderts, erinnert auf seine einzigartige Weise an den Aufschwung und die letzten H\u00f6hepunkte der gro\u00dfen Epoche der Dampflokomotiven. Dampflokomotive &#8211; das war f\u00fcr Generationen der Inbegriff aller Technik \u00fcberhaupt, das war die Maschine, vor deren Zischen und Schnaufen der von Auto und Flugzeug noch unbelastete Reisende ehrf\u00fcrchtig erschauerte, bei deren Vorbeifahrt jedermann stehen blieb und ihrer verwehenden Dampfwolke nachblickte. Sie war identisch mit dem Begriff der Reise, so lange die Eisenbahn das Bef\u00f6rderungsmonopol besa\u00df. Der legend\u00e4re Eisenbahn-Poet und leidenschaftliche Dampflok-Enthusiast Karl-Ernst Maedel beschreibt in kurzweiligen Schilderungen die Geschichte dieser &#8222;Zyklopen der Technik&#8220; und versetzt den Leser in die gro\u00dfe Zeit der Dampflokomotiven. Der zweite Teil dieses Reprints aus den 1960er Jahren widmet sich &#8211; mit emotionalem Bildmaterial hervorragend illustriert &#8211; der Entwicklung der deutschen Dampflokomotiven in den Jahren zwischen 1840 und 1950. Ein Verzeichnis der Dampflokomotivgattungen der Deutschen Reichs- und Bundesbahn sowie ausf\u00fchrliche technische Daten der verschiedenen Dampflokomotiven vervollst\u00e4ndigen dieses Werk \u00fcber die l\u00e4ngst ausgestorbenen Schienengiganten, die es in der Neuen Welt auf Leistungen von sieben- und achttausend Pferdest\u00e4rken brachten.Ein wunderbarer Klassiker der Eisenbahn-Literatur und ein Leseerlebnis f\u00fcr alle Eisenbahn-Enthusiasten und all diejenigen, die sich auch in unserer modernen, hochtechnisierten Welt noch ein wenig Sinn f\u00fcr das Dampfzeitalter bewahrt haben<\/p>\n<div>\n<p class=\"articleName font-4 color-3\"><strong>Dampflokomotiven &#8211; Geliebt und unvergessen<\/strong><\/p>\n<\/div>\n","protected":false},"excerpt":{"rendered":"<p><span style=\"color: #ff0000;\"><strong>Nog maar \u00e9\u00e9n exemplaar op voorraad. Uitverkocht bij de uitgever<\/strong><\/span><\/p>\n<p>Erinnerung an die letzten H\u00f6hepunkte der gro\u00dfen Epoche der Dampflokomotiven &#8211; Ein wunderbarer Klassiker der Eisenbahnliteratur &#8211; Ein Leseerlebnis f\u00fcr alle Eisenbahn-Enthusiasten &#8211; Mit emotionalem Bildmaterial hervorragend illustriert Karl-Ernst Maedel,<\/p>\n","protected":false},"featured_media":61946,"comment_status":"open","ping_status":"closed","template":"","meta":{"site-sidebar-layout":"default","site-content-layout":"default","ast-site-content-layout":"default","site-content-style":"default","site-sidebar-style":"default","ast-global-header-display":"","ast-banner-title-visibility":"","ast-main-header-display":"","ast-hfb-above-header-display":"","ast-hfb-below-header-display":"","ast-hfb-mobile-header-display":"","site-post-title":"","ast-breadcrumbs-content":"","ast-featured-img":"","footer-sml-layout":"","ast-disable-related-posts":"","theme-transparent-header-meta":"default","adv-header-id-meta":"","stick-header-meta":"default","header-above-stick-meta":"","header-main-stick-meta":"","header-below-stick-meta":"","astra-migrate-meta-layouts":"set","ast-page-background-enabled":"default","ast-page-background-meta":{"desktop":{"background-color":"var(--ast-global-color-5)","background-image":"","background-repeat":"repeat","background-position":"center center","background-size":"auto","background-attachment":"scroll","background-type":"","background-media":"","overlay-type":"","overlay-color":"","overlay-opacity":"","overlay-gradient":""},"tablet":{"background-color":"","background-image":"","background-repeat":"repeat","background-position":"center center","background-size":"auto","background-attachment":"scroll","background-type":"","background-media":"","overlay-type":"","overlay-color":"","overlay-opacity":"","overlay-gradient":""},"mobile":{"background-color":"","background-image":"","background-repeat":"repeat","background-position":"center center","background-size":"auto","background-attachment":"scroll","background-type":"","background-media":"","overlay-type":"","overlay-color":"","overlay-opacity":"","overlay-gradient":""}},"ast-content-background-meta":{"desktop":{"background-color":"var(--ast-global-color-4)","background-image":"","background-repeat":"repeat","background-position":"center center","background-size":"auto","background-attachment":"scroll","background-type":"","background-media":"","overlay-type":"","overlay-color":"","overlay-opacity":"","overlay-gradient":""},"tablet":{"background-color":"var(--ast-global-color-4)","background-image":"","background-repeat":"repeat","background-position":"center center","background-size":"auto","background-attachment":"scroll","background-type":"","background-media":"","overlay-type":"","overlay-color":"","overlay-opacity":"","overlay-gradient":""},"mobile":{"background-color":"var(--ast-global-color-4)","background-image":"","background-repeat":"repeat","background-position":"center center","background-size":"auto","background-attachment":"scroll","background-type":"","background-media":"","overlay-type":"","overlay-color":"","overlay-opacity":"","overlay-gradient":""}}},"product_brand":[],"product_cat":[16518],"product_tag":[],"class_list":{"0":"post-61943","1":"product","2":"type-product","3":"status-publish","4":"has-post-thumbnail","6":"product_cat-boekenoutlet","7":"pa_auteur-karl-ernst-maedel","8":"pa_bindwijze-hardcover","9":"pa_formaat-21-x-26-cm","10":"pa_paginas-1867","11":"pa_taal-duits","12":"pa_uitgever-producent-heel","13":"desktop-align-left","14":"tablet-align-left","15":"mobile-align-left","16":"ast-product-gallery-layout-horizontal-slider","17":"ast-product-gallery-with-no-image","18":"ast-magnify-disabled","19":"ast-product-tabs-layout-horizontal","21":"first","22":"instock","23":"sale","24":"taxable","25":"shipping-taxable","26":"purchasable","27":"product-type-simple"},"yoast_head":"<!-- This site is optimized with the Yoast SEO Premium plugin v26.2 (Yoast SEO v27.2) - https:\/\/yoast.com\/product\/yoast-seo-premium-wordpress\/ -->\n<title>Dampflokomotiven - Geliebt und unvergessen - Mixmediastore<\/title>\n<meta name=\"description\" content=\"Dampflokomotiven - Geliebt und unvergessen- Erinnerung an die letzten H\u00f6hepunkte der gro\u00dfen Epoche der Dampflokomotiven - HeelEin wunderbarer Klassiker\" \/>\n<meta name=\"robots\" content=\"index, follow, max-snippet:-1, max-image-preview:large, max-video-preview:-1\" \/>\n<link rel=\"canonical\" href=\"https:\/\/mixmediastore.com\/de\/shop-2\/ihr-trainstore-outlet\/buchhandlung\/dampflokomotiven-geliebt-und-unvergessen\/\" \/>\n<meta property=\"og:locale\" content=\"de_DE\" \/>\n<meta property=\"og:type\" content=\"article\" \/>\n<meta property=\"og:title\" content=\"Dampflokomotiven - Geliebt und unvergessen\" \/>\n<meta property=\"og:description\" content=\"Dampflokomotiven - Geliebt und unvergessen- Erinnerung an die letzten H\u00f6hepunkte der gro\u00dfen Epoche der Dampflokomotiven - HeelEin wunderbarer Klassiker\" \/>\n<meta property=\"og:url\" content=\"https:\/\/mixmediastore.com\/de\/shop-2\/ihr-trainstore-outlet\/buchhandlung\/dampflokomotiven-geliebt-und-unvergessen\/\" \/>\n<meta property=\"og:site_name\" content=\"Mixmediastore Your Trainstore\" \/>\n<meta property=\"article:publisher\" content=\"https:\/\/www.facebook.com\/mixmediastore\/\" \/>\n<meta property=\"article:modified_time\" content=\"2025-06-05T11:43:47+00:00\" \/>\n<meta property=\"og:image\" content=\"https:\/\/mixmediastore.com\/wp-content\/uploads\/Heel-Dampflokomotiven.png\" \/>\n\t<meta property=\"og:image:width\" content=\"465\" \/>\n\t<meta property=\"og:image:height\" content=\"465\" \/>\n\t<meta property=\"og:image:type\" content=\"image\/png\" \/>\n<meta name=\"twitter:card\" content=\"summary_large_image\" \/>\n<meta name=\"twitter:label1\" content=\"Preis\" \/>\n\t<meta name=\"twitter:data1\" content=\"&euro;&nbsp;14,95\" \/>\n\t<meta name=\"twitter:label2\" content=\"Verf\u00fcgbarkeit\" \/>\n\t<meta name=\"twitter:data2\" content=\"Auf Lager\" \/>\n<script type=\"application\/ld+json\" class=\"yoast-schema-graph\">{\"@context\":\"https:\/\/schema.org\",\"@graph\":[{\"@type\":\"WebPage\",\"@id\":\"https:\/\/mixmediastore.com\/de\/shop-2\/ihr-trainstore-outlet\/buchhandlung\/dampflokomotiven-geliebt-und-unvergessen\/\",\"url\":\"https:\/\/mixmediastore.com\/de\/shop-2\/ihr-trainstore-outlet\/buchhandlung\/dampflokomotiven-geliebt-und-unvergessen\/\",\"name\":\"Dampflokomotiven - Geliebt und unvergessen - Mixmediastore\",\"isPartOf\":{\"@id\":\"https:\/\/mixmediastore.com\/de\/#website\"},\"primaryImageOfPage\":{\"@id\":\"https:\/\/mixmediastore.com\/de\/shop-2\/ihr-trainstore-outlet\/buchhandlung\/dampflokomotiven-geliebt-und-unvergessen\/#primaryimage\"},\"image\":{\"@id\":\"https:\/\/mixmediastore.com\/de\/shop-2\/ihr-trainstore-outlet\/buchhandlung\/dampflokomotiven-geliebt-und-unvergessen\/#primaryimage\"},\"thumbnailUrl\":\"https:\/\/mixmediastore.com\/wp-content\/uploads\/Heel-Dampflokomotiven.png\",\"datePublished\":\"2023-12-11T10:10:41+00:00\",\"dateModified\":\"2025-06-05T11:43:47+00:00\",\"description\":\"Dampflokomotiven - Geliebt und unvergessen- Erinnerung an die letzten H\u00f6hepunkte der gro\u00dfen Epoche der Dampflokomotiven - HeelEin wunderbarer Klassiker\",\"breadcrumb\":{\"@id\":\"https:\/\/mixmediastore.com\/de\/shop-2\/ihr-trainstore-outlet\/buchhandlung\/dampflokomotiven-geliebt-und-unvergessen\/#breadcrumb\"},\"inLanguage\":\"de\",\"potentialAction\":[{\"@type\":\"ReadAction\",\"target\":[\"https:\/\/mixmediastore.com\/de\/shop-2\/ihr-trainstore-outlet\/buchhandlung\/dampflokomotiven-geliebt-und-unvergessen\/\"]}]},{\"@type\":\"ImageObject\",\"inLanguage\":\"de\",\"@id\":\"https:\/\/mixmediastore.com\/de\/shop-2\/ihr-trainstore-outlet\/buchhandlung\/dampflokomotiven-geliebt-und-unvergessen\/#primaryimage\",\"url\":\"https:\/\/mixmediastore.com\/wp-content\/uploads\/Heel-Dampflokomotiven.png\",\"contentUrl\":\"https:\/\/mixmediastore.com\/wp-content\/uploads\/Heel-Dampflokomotiven.png\",\"width\":465,\"height\":465,\"caption\":\"Dampflokomotiven - Geliebt und unvergessen\"},{\"@type\":\"BreadcrumbList\",\"@id\":\"https:\/\/mixmediastore.com\/de\/shop-2\/ihr-trainstore-outlet\/buchhandlung\/dampflokomotiven-geliebt-und-unvergessen\/#breadcrumb\",\"itemListElement\":[{\"@type\":\"ListItem\",\"position\":1,\"name\":\"Trainstore\",\"item\":\"https:\/\/mixmediastore.com\/de\/\"},{\"@type\":\"ListItem\",\"position\":2,\"name\":\"Gesch\u00e4ft\",\"item\":\"https:\/\/mixmediastore.com\/de\/geschaeft\/\"},{\"@type\":\"ListItem\",\"position\":3,\"name\":\"Ihr Trainstore-Outlet\",\"item\":\"https:\/\/mixmediastore.com\/de\/product-kategorie\/ihr-trainstore-outlet\/\"},{\"@type\":\"ListItem\",\"position\":4,\"name\":\"Buchhandlung\",\"item\":\"https:\/\/mixmediastore.com\/de\/product-kategorie\/ihr-trainstore-outlet\/buchhandlung\/\"},{\"@type\":\"ListItem\",\"position\":5,\"name\":\"Dampflokomotiven &#8211; Geliebt und unvergessen\"}]},{\"@type\":\"WebSite\",\"@id\":\"https:\/\/mixmediastore.com\/de\/#website\",\"url\":\"https:\/\/mixmediastore.com\/de\/\",\"name\":\"Mixmediastore Your Trainstore\",\"description\":\"\",\"publisher\":{\"@id\":\"https:\/\/mixmediastore.com\/de\/#organization\"},\"alternateName\":\"Your Trainstore\",\"potentialAction\":[{\"@type\":\"SearchAction\",\"target\":{\"@type\":\"EntryPoint\",\"urlTemplate\":\"https:\/\/mixmediastore.com\/de\/?s={search_term_string}\"},\"query-input\":{\"@type\":\"PropertyValueSpecification\",\"valueRequired\":true,\"valueName\":\"search_term_string\"}}],\"inLanguage\":\"de\"},{\"@type\":\"Organization\",\"@id\":\"https:\/\/mixmediastore.com\/de\/#organization\",\"name\":\"Mixmediastore Your Trainstore\",\"alternateName\":\"Your Trainstore\",\"url\":\"https:\/\/mixmediastore.com\/de\/\",\"logo\":{\"@type\":\"ImageObject\",\"inLanguage\":\"de\",\"@id\":\"https:\/\/mixmediastore.com\/de\/#\/schema\/logo\/image\/\",\"url\":\"https:\/\/mixmediastore.com\/wp-content\/uploads\/logo-your-trainstore300x300_72px-1.jpg\",\"contentUrl\":\"https:\/\/mixmediastore.com\/wp-content\/uploads\/logo-your-trainstore300x300_72px-1.jpg\",\"width\":300,\"height\":300,\"caption\":\"Mixmediastore Your Trainstore\"},\"image\":{\"@id\":\"https:\/\/mixmediastore.com\/de\/#\/schema\/logo\/image\/\"},\"sameAs\":[\"https:\/\/www.facebook.com\/mixmediastore\/\",\"https:\/\/www.instagram.com\/beeldproducties.nl\/\",\"https:\/\/www.youtube.com\/user\/yourtrainstore\"],\"description\":\"In our webshop you will find the largest collection of books, magazines, DVDs\/Blu-rays and calendars about railways, trains, trams and buses. Railways also in model are our specialty. With us you will find subjects from the Netherlands and abroad.\",\"email\":\"info@mixmediastore.com\",\"telephone\":\"0031 (0) 71 5818181\",\"legalName\":\"van den Burg beeldproducties\",\"foundingDate\":\"1995-03-13\",\"vatID\":\"NL003273486B24\",\"numberOfEmployees\":{\"@type\":\"QuantitativeValue\",\"minValue\":\"1\",\"maxValue\":\"10\"}}]}<\/script>\n<meta property=\"product:brand\" content=\"simple\" \/>\n<meta property=\"product:price:amount\" content=\"14.95\" \/>\n<meta property=\"product:price:currency\" content=\"EUR\" \/>\n<meta property=\"og:availability\" content=\"instock\" \/>\n<meta property=\"product:availability\" content=\"instock\" \/>\n<meta property=\"product:retailer_item_id\" content=\"HeelDampfloks\" \/>\n<meta property=\"product:condition\" content=\"new\" \/>\n<!-- \/ Yoast SEO Premium plugin. -->","yoast_head_json":{"title":"Dampflokomotiven - Geliebt und unvergessen - Mixmediastore","description":"Dampflokomotiven - Geliebt und unvergessen- Erinnerung an die letzten H\u00f6hepunkte der gro\u00dfen Epoche der Dampflokomotiven - HeelEin wunderbarer Klassiker","robots":{"index":"index","follow":"follow","max-snippet":"max-snippet:-1","max-image-preview":"max-image-preview:large","max-video-preview":"max-video-preview:-1"},"canonical":"https:\/\/mixmediastore.com\/de\/shop-2\/ihr-trainstore-outlet\/buchhandlung\/dampflokomotiven-geliebt-und-unvergessen\/","og_locale":"de_DE","og_type":"article","og_title":"Dampflokomotiven - Geliebt und unvergessen","og_description":"Dampflokomotiven - Geliebt und unvergessen- Erinnerung an die letzten H\u00f6hepunkte der gro\u00dfen Epoche der Dampflokomotiven - HeelEin wunderbarer Klassiker","og_url":"https:\/\/mixmediastore.com\/de\/shop-2\/ihr-trainstore-outlet\/buchhandlung\/dampflokomotiven-geliebt-und-unvergessen\/","og_site_name":"Mixmediastore Your Trainstore","article_publisher":"https:\/\/www.facebook.com\/mixmediastore\/","article_modified_time":"2025-06-05T11:43:47+00:00","og_image":[{"width":465,"height":465,"url":"https:\/\/mixmediastore.com\/wp-content\/uploads\/Heel-Dampflokomotiven.png","type":"image\/png"}],"twitter_card":"summary_large_image","twitter_misc":{"Preis":"&euro;&nbsp;14,95","Verf\u00fcgbarkeit":"Auf Lager"},"schema":{"@context":"https:\/\/schema.org","@graph":[{"@type":"WebPage","@id":"https:\/\/mixmediastore.com\/de\/shop-2\/ihr-trainstore-outlet\/buchhandlung\/dampflokomotiven-geliebt-und-unvergessen\/","url":"https:\/\/mixmediastore.com\/de\/shop-2\/ihr-trainstore-outlet\/buchhandlung\/dampflokomotiven-geliebt-und-unvergessen\/","name":"Dampflokomotiven - Geliebt und unvergessen - Mixmediastore","isPartOf":{"@id":"https:\/\/mixmediastore.com\/de\/#website"},"primaryImageOfPage":{"@id":"https:\/\/mixmediastore.com\/de\/shop-2\/ihr-trainstore-outlet\/buchhandlung\/dampflokomotiven-geliebt-und-unvergessen\/#primaryimage"},"image":{"@id":"https:\/\/mixmediastore.com\/de\/shop-2\/ihr-trainstore-outlet\/buchhandlung\/dampflokomotiven-geliebt-und-unvergessen\/#primaryimage"},"thumbnailUrl":"https:\/\/mixmediastore.com\/wp-content\/uploads\/Heel-Dampflokomotiven.png","datePublished":"2023-12-11T10:10:41+00:00","dateModified":"2025-06-05T11:43:47+00:00","description":"Dampflokomotiven - Geliebt und unvergessen- Erinnerung an die letzten H\u00f6hepunkte der gro\u00dfen Epoche der Dampflokomotiven - HeelEin wunderbarer Klassiker","breadcrumb":{"@id":"https:\/\/mixmediastore.com\/de\/shop-2\/ihr-trainstore-outlet\/buchhandlung\/dampflokomotiven-geliebt-und-unvergessen\/#breadcrumb"},"inLanguage":"de","potentialAction":[{"@type":"ReadAction","target":["https:\/\/mixmediastore.com\/de\/shop-2\/ihr-trainstore-outlet\/buchhandlung\/dampflokomotiven-geliebt-und-unvergessen\/"]}]},{"@type":"ImageObject","inLanguage":"de","@id":"https:\/\/mixmediastore.com\/de\/shop-2\/ihr-trainstore-outlet\/buchhandlung\/dampflokomotiven-geliebt-und-unvergessen\/#primaryimage","url":"https:\/\/mixmediastore.com\/wp-content\/uploads\/Heel-Dampflokomotiven.png","contentUrl":"https:\/\/mixmediastore.com\/wp-content\/uploads\/Heel-Dampflokomotiven.png","width":465,"height":465,"caption":"Dampflokomotiven - Geliebt und unvergessen"},{"@type":"BreadcrumbList","@id":"https:\/\/mixmediastore.com\/de\/shop-2\/ihr-trainstore-outlet\/buchhandlung\/dampflokomotiven-geliebt-und-unvergessen\/#breadcrumb","itemListElement":[{"@type":"ListItem","position":1,"name":"Trainstore","item":"https:\/\/mixmediastore.com\/de\/"},{"@type":"ListItem","position":2,"name":"Gesch\u00e4ft","item":"https:\/\/mixmediastore.com\/de\/geschaeft\/"},{"@type":"ListItem","position":3,"name":"Ihr Trainstore-Outlet","item":"https:\/\/mixmediastore.com\/de\/product-kategorie\/ihr-trainstore-outlet\/"},{"@type":"ListItem","position":4,"name":"Buchhandlung","item":"https:\/\/mixmediastore.com\/de\/product-kategorie\/ihr-trainstore-outlet\/buchhandlung\/"},{"@type":"ListItem","position":5,"name":"Dampflokomotiven &#8211; Geliebt und unvergessen"}]},{"@type":"WebSite","@id":"https:\/\/mixmediastore.com\/de\/#website","url":"https:\/\/mixmediastore.com\/de\/","name":"Mixmediastore Your Trainstore","description":"","publisher":{"@id":"https:\/\/mixmediastore.com\/de\/#organization"},"alternateName":"Your Trainstore","potentialAction":[{"@type":"SearchAction","target":{"@type":"EntryPoint","urlTemplate":"https:\/\/mixmediastore.com\/de\/?s={search_term_string}"},"query-input":{"@type":"PropertyValueSpecification","valueRequired":true,"valueName":"search_term_string"}}],"inLanguage":"de"},{"@type":"Organization","@id":"https:\/\/mixmediastore.com\/de\/#organization","name":"Mixmediastore Your Trainstore","alternateName":"Your Trainstore","url":"https:\/\/mixmediastore.com\/de\/","logo":{"@type":"ImageObject","inLanguage":"de","@id":"https:\/\/mixmediastore.com\/de\/#\/schema\/logo\/image\/","url":"https:\/\/mixmediastore.com\/wp-content\/uploads\/logo-your-trainstore300x300_72px-1.jpg","contentUrl":"https:\/\/mixmediastore.com\/wp-content\/uploads\/logo-your-trainstore300x300_72px-1.jpg","width":300,"height":300,"caption":"Mixmediastore Your Trainstore"},"image":{"@id":"https:\/\/mixmediastore.com\/de\/#\/schema\/logo\/image\/"},"sameAs":["https:\/\/www.facebook.com\/mixmediastore\/","https:\/\/www.instagram.com\/beeldproducties.nl\/","https:\/\/www.youtube.com\/user\/yourtrainstore"],"description":"In our webshop you will find the largest collection of books, magazines, DVDs\/Blu-rays and calendars about railways, trains, trams and buses. Railways also in model are our specialty. With us you will find subjects from the Netherlands and abroad.","email":"info@mixmediastore.com","telephone":"0031 (0) 71 5818181","legalName":"van den Burg beeldproducties","foundingDate":"1995-03-13","vatID":"NL003273486B24","numberOfEmployees":{"@type":"QuantitativeValue","minValue":"1","maxValue":"10"}}]},"product_brand":"simple","product_price_amount":"14.95","product_price_currency":"EUR","og_availability":"instock","product_availability":"instock","product_retailer_item_id":"HeelDampfloks","product_condition":"new"},"_links":{"self":[{"href":"https:\/\/mixmediastore.com\/de\/wp-json\/wp\/v2\/product\/61943","targetHints":{"allow":["GET"]}}],"collection":[{"href":"https:\/\/mixmediastore.com\/de\/wp-json\/wp\/v2\/product"}],"about":[{"href":"https:\/\/mixmediastore.com\/de\/wp-json\/wp\/v2\/types\/product"}],"replies":[{"embeddable":true,"href":"https:\/\/mixmediastore.com\/de\/wp-json\/wp\/v2\/comments?post=61943"}],"version-history":[{"count":4,"href":"https:\/\/mixmediastore.com\/de\/wp-json\/wp\/v2\/product\/61943\/revisions"}],"predecessor-version":[{"id":62148,"href":"https:\/\/mixmediastore.com\/de\/wp-json\/wp\/v2\/product\/61943\/revisions\/62148"}],"wp:featuredmedia":[{"embeddable":true,"href":"https:\/\/mixmediastore.com\/de\/wp-json\/wp\/v2\/media\/61946"}],"wp:attachment":[{"href":"https:\/\/mixmediastore.com\/de\/wp-json\/wp\/v2\/media?parent=61943"}],"wp:term":[{"taxonomy":"product_brand","embeddable":true,"href":"https:\/\/mixmediastore.com\/de\/wp-json\/wp\/v2\/product_brand?post=61943"},{"taxonomy":"product_cat","embeddable":true,"href":"https:\/\/mixmediastore.com\/de\/wp-json\/wp\/v2\/product_cat?post=61943"},{"taxonomy":"product_tag","embeddable":true,"href":"https:\/\/mixmediastore.com\/de\/wp-json\/wp\/v2\/product_tag?post=61943"}],"curies":[{"name":"wp","href":"https:\/\/api.w.org\/{rel}","templated":true}]}}